{"id":9812,"date":"2019-03-27T14:40:35","date_gmt":"2019-03-27T14:40:35","guid":{"rendered":"https:\/\/www.alternativ.be\/services\/design-build\/"},"modified":"2022-10-19T15:35:13","modified_gmt":"2022-10-19T13:35:13","slug":"design-build","status":"publish","type":"page","link":"https:\/\/www.alternativ.be\/nl\/diensten\/design-build\/","title":{"rendered":"Design &#038; Build \/ Kantoorinrichting"},"content":{"rendered":"<h3>Beheer van het project, het budget en de planning<\/h3>\n<p>De Design &amp; Build-oplossing is gebaseerd is op een persoonlijke en constructieve benadering waarin de dialoog met de klant centraal staat. Bij dit proces verbindt Alternativ zich ertoe een project, een budget en een planning te respecteren.<\/p>\n<h3>E\u00e9n contactpersoon, \u00e9\u00e9n interface<\/h3>\n<p>Alternativ stelt een projectmanager aan die uw unieke en bevoorrechte contactpersoon wordt om :<\/p>\n<ul>\n<li><em>uw project te analyseren ;<\/em><\/li>\n<li><em>uw doelstellingen te bepalen afhankelijk van uw budget ;<\/em><\/li>\n<li><em>een realistische planning op te maken&nbsp;;<\/em><\/li>\n<li><em>de nieuwe digitale tools in de werkomgeving te integreren&nbsp;;<\/em><\/li>\n<li><em>de werkruimte te moduleren en socialisatieruimten te ontwikkelen&nbsp;;<\/em><\/li>\n<li><em>het welzijn en de motivatie van de medewerkers te verbeteren door een inspirerende omgeving en\/of biofiel ontwerp (integratie van de natuur in de werkplek) te cre\u00ebren&nbsp;;<\/em><\/li>\n<\/ul>\n<h3><strong>Alternativ is de enige interface tussen alle vakmannen om:<\/strong><\/h3>\n<ul>\n<li><em>contracten af te sluiten met onderaannemers (space planner, interieurarchitect, ontwerper, grafisch ontwerper, grafisch ontwerper, ingenieur, decorateur, elektricien, schilder enz.) ;<\/em><\/li>\n<li><em>de werken te beheren ;<\/em><\/li>\n<li><em>uw project volledig te co\u00f6rdineren !<\/em><\/li>\n<\/ul>\n","protected":false},"excerpt":{"rendered":"<p>Beheer van het project, het budget en de planning De Design &amp; Build-oplossing is gebaseerd is op een persoonlijke en constructieve benadering waarin de dialoog met de klant centraal staat. Bij dit proces verbindt Alternativ zich ertoe een project, een budget en een planning te respecteren. E\u00e9n contactpersoon, \u00e9\u00e9n interface Alternativ stelt een projectmanager aan \u2026<\/p>\n","protected":false},"author":7,"featured_media":33332,"parent":9806,"menu_order":21,"comment_status":"closed","ping_status":"closed","template":"template-service.php","meta":[],"acf":[],"yoast_head":"<!-- This site is optimized with the Yoast SEO Premium plugin v18.0 (Yoast SEO v18.1) - https:\/\/yoast.com\/wordpress\/plugins\/seo\/ -->\n<title>Design &amp; Build \/ Kantoorinrichting - Design &amp; build projet complet de bureaux<\/title>\n<meta name=\"description\" content=\"Un projet, un budget, un timing: Design &amp; Build s\u2019appuie sur une approche personnalis\u00e9e et constructive bas\u00e9e avant tout sur le dialogue avec le client,\" \/>\n<meta name=\"robots\" content=\"index, follow, max-snippet:-1, max-image-preview:large, max-video-preview:-1\" \/>\n<link rel=\"canonical\" href=\"https:\/\/www.alternativ.be\/nl\/diensten\/design-build\/\" \/>\n<meta property=\"og:locale\" content=\"nl_NL\" \/>\n<meta property=\"og:type\" content=\"article\" \/>\n<meta property=\"og:title\" content=\"Design &amp; Build \/ Kantoorinrichting\" \/>\n<meta property=\"og:description\" content=\"Un projet, un budget, un timing: Design &amp; Build s\u2019appuie sur une approche personnalis\u00e9e et constructive bas\u00e9e avant tout sur le dialogue avec le client,\" \/>\n<meta property=\"og:url\" content=\"https:\/\/www.alternativ.be\/nl\/diensten\/design-build\/\" \/>\n<meta property=\"og:site_name\" content=\"Alternativ\" \/>\n<meta property=\"article:publisher\" content=\"https:\/\/www.facebook.com\/alternativ.be\/\" \/>\n<meta property=\"article:modified_time\" content=\"2022-10-19T13:35:13+00:00\" \/>\n<meta property=\"og:image\" content=\"https:\/\/www.alternativ.be\/wp-content\/uploads\/2022\/07\/SONY-12-1-scaled.jpg\" \/>\n\t<meta property=\"og:image:width\" content=\"2560\" \/>\n\t<meta property=\"og:image:height\" content=\"1706\" \/>\n\t<meta property=\"og:image:type\" content=\"image\/jpeg\" \/>\n<meta name=\"twitter:card\" content=\"summary_large_image\" \/>\n<meta name=\"twitter:site\" content=\"@ALTERNATIV1050\" \/>\n<meta name=\"twitter:label1\" content=\"Geschatte leestijd\" \/>\n\t<meta name=\"twitter:data1\" content=\"1 minuut\" \/>\n<script type=\"application\/ld+json\" class=\"yoast-schema-graph\">{\"@context\":\"https:\/\/schema.org\",\"@graph\":[{\"@type\":\"Organization\",\"@id\":\"https:\/\/www.alternativ.be\/#organization\",\"name\":\"Alternativ\",\"url\":\"https:\/\/www.alternativ.be\/\",\"sameAs\":[\"https:\/\/www.facebook.com\/alternativ.be\/\",\"https:\/\/www.instagram.com\/alternativ.be\/\",\"https:\/\/www.linkedin.com\/company\/alternativ-furniture-solutions\/\",\"https:\/\/www.pinterest.fr\/alternativbxl\/\",\"https:\/\/twitter.com\/ALTERNATIV1050\"],\"logo\":{\"@type\":\"ImageObject\",\"@id\":\"https:\/\/www.alternativ.be\/#logo\",\"inLanguage\":\"nl\",\"url\":\"https:\/\/www.alternativ.be\/wp-content\/uploads\/2019\/05\/alternativ-logo-red.png\",\"contentUrl\":\"https:\/\/www.alternativ.be\/wp-content\/uploads\/2019\/05\/alternativ-logo-red.png\",\"width\":\"246\",\"height\":\"36\",\"caption\":\"Alternativ\"},\"image\":{\"@id\":\"https:\/\/www.alternativ.be\/#logo\"}},{\"@type\":\"WebSite\",\"@id\":\"https:\/\/www.alternativ.be\/#website\",\"url\":\"https:\/\/www.alternativ.be\/\",\"name\":\"Alternativ\",\"description\":\"Am\u00e9nagement et r\u00e9novation de bureau professionnel\",\"publisher\":{\"@id\":\"https:\/\/www.alternativ.be\/#organization\"},\"potentialAction\":[{\"@type\":\"SearchAction\",\"target\":{\"@type\":\"EntryPoint\",\"urlTemplate\":\"https:\/\/www.alternativ.be\/?s={search_term_string}\"},\"query-input\":\"required name=search_term_string\"}],\"inLanguage\":\"nl\"},{\"@type\":\"ImageObject\",\"@id\":\"https:\/\/www.alternativ.be\/nl\/diensten\/design-build\/#primaryimage\",\"inLanguage\":\"nl\",\"url\":\"https:\/\/www.alternativ.be\/wp-content\/uploads\/2022\/07\/SONY-12-1-scaled.jpg\",\"contentUrl\":\"https:\/\/www.alternativ.be\/wp-content\/uploads\/2022\/07\/SONY-12-1-scaled.jpg\",\"width\":2560,\"height\":1706},{\"@type\":\"WebPage\",\"@id\":\"https:\/\/www.alternativ.be\/nl\/diensten\/design-build\/#webpage\",\"url\":\"https:\/\/www.alternativ.be\/nl\/diensten\/design-build\/\",\"name\":\"Design & Build \/ Kantoorinrichting - Design & build projet complet de bureaux\",\"isPartOf\":{\"@id\":\"https:\/\/www.alternativ.be\/#website\"},\"primaryImageOfPage\":{\"@id\":\"https:\/\/www.alternativ.be\/nl\/diensten\/design-build\/#primaryimage\"},\"datePublished\":\"2019-03-27T14:40:35+00:00\",\"dateModified\":\"2022-10-19T13:35:13+00:00\",\"description\":\"Un projet, un budget, un timing: Design & Build s\u2019appuie sur une approche personnalis\u00e9e et constructive bas\u00e9e avant tout sur le dialogue avec le client,\",\"breadcrumb\":{\"@id\":\"https:\/\/www.alternativ.be\/nl\/diensten\/design-build\/#breadcrumb\"},\"inLanguage\":\"nl\",\"potentialAction\":[{\"@type\":\"ReadAction\",\"target\":[\"https:\/\/www.alternativ.be\/nl\/diensten\/design-build\/\"]}]},{\"@type\":\"BreadcrumbList\",\"@id\":\"https:\/\/www.alternativ.be\/nl\/diensten\/design-build\/#breadcrumb\",\"itemListElement\":[{\"@type\":\"ListItem\",\"position\":1,\"name\":\"Home\",\"item\":\"https:\/\/www.alternativ.be\/nl\/\"},{\"@type\":\"ListItem\",\"position\":2,\"name\":\"Diensten_\",\"item\":\"https:\/\/www.alternativ.be\/nl\/diensten\/\"},{\"@type\":\"ListItem\",\"position\":3,\"name\":\"Design &#038; Build \/ Kantoorinrichting\"}]}]}<\/script>\n<!-- \/ Yoast SEO Premium plugin. -->","yoast_head_json":{"title":"Design & Build \/ Kantoorinrichting - Design & build projet complet de bureaux","description":"Un projet, un budget, un timing: Design & Build s\u2019appuie sur une approche personnalis\u00e9e et constructive bas\u00e9e avant tout sur le dialogue avec le client,","robots":{"index":"index","follow":"follow","max-snippet":"max-snippet:-1","max-image-preview":"max-image-preview:large","max-video-preview":"max-video-preview:-1"},"canonical":"https:\/\/www.alternativ.be\/nl\/diensten\/design-build\/","og_locale":"nl_NL","og_type":"article","og_title":"Design & Build \/ Kantoorinrichting","og_description":"Un projet, un budget, un timing: Design & Build s\u2019appuie sur une approche personnalis\u00e9e et constructive bas\u00e9e avant tout sur le dialogue avec le client,","og_url":"https:\/\/www.alternativ.be\/nl\/diensten\/design-build\/","og_site_name":"Alternativ","article_publisher":"https:\/\/www.facebook.com\/alternativ.be\/","article_modified_time":"2022-10-19T13:35:13+00:00","og_image":[{"width":2560,"height":1706,"url":"https:\/\/www.alternativ.be\/wp-content\/uploads\/2022\/07\/SONY-12-1-scaled.jpg","type":"image\/jpeg"}],"twitter_card":"summary_large_image","twitter_site":"@ALTERNATIV1050","twitter_misc":{"Geschatte leestijd":"1 minuut"},"schema":{"@context":"https:\/\/schema.org","@graph":[{"@type":"Organization","@id":"https:\/\/www.alternativ.be\/#organization","name":"Alternativ","url":"https:\/\/www.alternativ.be\/","sameAs":["https:\/\/www.facebook.com\/alternativ.be\/","https:\/\/www.instagram.com\/alternativ.be\/","https:\/\/www.linkedin.com\/company\/alternativ-furniture-solutions\/","https:\/\/www.pinterest.fr\/alternativbxl\/","https:\/\/twitter.com\/ALTERNATIV1050"],"logo":{"@type":"ImageObject","@id":"https:\/\/www.alternativ.be\/#logo","inLanguage":"nl","url":"https:\/\/www.alternativ.be\/wp-content\/uploads\/2019\/05\/alternativ-logo-red.png","contentUrl":"https:\/\/www.alternativ.be\/wp-content\/uploads\/2019\/05\/alternativ-logo-red.png","width":"246","height":"36","caption":"Alternativ"},"image":{"@id":"https:\/\/www.alternativ.be\/#logo"}},{"@type":"WebSite","@id":"https:\/\/www.alternativ.be\/#website","url":"https:\/\/www.alternativ.be\/","name":"Alternativ","description":"Am\u00e9nagement et r\u00e9novation de bureau professionnel","publisher":{"@id":"https:\/\/www.alternativ.be\/#organization"},"potentialAction":[{"@type":"SearchAction","target":{"@type":"EntryPoint","urlTemplate":"https:\/\/www.alternativ.be\/?s={search_term_string}"},"query-input":"required name=search_term_string"}],"inLanguage":"nl"},{"@type":"ImageObject","@id":"https:\/\/www.alternativ.be\/nl\/diensten\/design-build\/#primaryimage","inLanguage":"nl","url":"https:\/\/www.alternativ.be\/wp-content\/uploads\/2022\/07\/SONY-12-1-scaled.jpg","contentUrl":"https:\/\/www.alternativ.be\/wp-content\/uploads\/2022\/07\/SONY-12-1-scaled.jpg","width":2560,"height":1706},{"@type":"WebPage","@id":"https:\/\/www.alternativ.be\/nl\/diensten\/design-build\/#webpage","url":"https:\/\/www.alternativ.be\/nl\/diensten\/design-build\/","name":"Design & Build \/ Kantoorinrichting - Design & build projet complet de bureaux","isPartOf":{"@id":"https:\/\/www.alternativ.be\/#website"},"primaryImageOfPage":{"@id":"https:\/\/www.alternativ.be\/nl\/diensten\/design-build\/#primaryimage"},"datePublished":"2019-03-27T14:40:35+00:00","dateModified":"2022-10-19T13:35:13+00:00","description":"Un projet, un budget, un timing: Design & Build s\u2019appuie sur une approche personnalis\u00e9e et constructive bas\u00e9e avant tout sur le dialogue avec le client,","breadcrumb":{"@id":"https:\/\/www.alternativ.be\/nl\/diensten\/design-build\/#breadcrumb"},"inLanguage":"nl","potentialAction":[{"@type":"ReadAction","target":["https:\/\/www.alternativ.be\/nl\/diensten\/design-build\/"]}]},{"@type":"BreadcrumbList","@id":"https:\/\/www.alternativ.be\/nl\/diensten\/design-build\/#breadcrumb","itemListElement":[{"@type":"ListItem","position":1,"name":"Home","item":"https:\/\/www.alternativ.be\/nl\/"},{"@type":"ListItem","position":2,"name":"Diensten_","item":"https:\/\/www.alternativ.be\/nl\/diensten\/"},{"@type":"ListItem","position":3,"name":"Design &#038; Build \/ Kantoorinrichting"}]}]}},"_links":{"self":[{"href":"https:\/\/www.alternativ.be\/nl\/wp-json\/wp\/v2\/pages\/9812"}],"collection":[{"href":"https:\/\/www.alternativ.be\/nl\/wp-json\/wp\/v2\/pages"}],"about":[{"href":"https:\/\/www.alternativ.be\/nl\/wp-json\/wp\/v2\/types\/page"}],"author":[{"embeddable":true,"href":"https:\/\/www.alternativ.be\/nl\/wp-json\/wp\/v2\/users\/7"}],"replies":[{"embeddable":true,"href":"https:\/\/www.alternativ.be\/nl\/wp-json\/wp\/v2\/comments?post=9812"}],"version-history":[{"count":6,"href":"https:\/\/www.alternativ.be\/nl\/wp-json\/wp\/v2\/pages\/9812\/revisions"}],"predecessor-version":[{"id":33808,"href":"https:\/\/www.alternativ.be\/nl\/wp-json\/wp\/v2\/pages\/9812\/revisions\/33808"}],"up":[{"embeddable":true,"href":"https:\/\/www.alternativ.be\/nl\/wp-json\/wp\/v2\/pages\/9806"}],"wp:featuredmedia":[{"embeddable":true,"href":"https:\/\/www.alternativ.be\/nl\/wp-json\/wp\/v2\/media\/33332"}],"wp:attachment":[{"href":"https:\/\/www.alternativ.be\/nl\/wp-json\/wp\/v2\/media?parent=9812"}],"curies":[{"name":"wp","href":"https:\/\/api.w.org\/{rel}","templated":true}]}}