{"id":29918,"date":"2020-07-27T11:19:09","date_gmt":"2020-07-27T11:19:09","guid":{"rendered":"https:\/\/www.alternativ.be\/producten\/workhome\/"},"modified":"2020-10-07T13:19:42","modified_gmt":"2020-10-07T13:19:42","slug":"work-home","status":"publish","type":"page","link":"https:\/\/www.alternativ.be\/nl\/work-home\/","title":{"rendered":"Work@home"},"content":{"rendered":"\n\t<h1><\/h1>\n<h1>Meer dan 80% van de werknemers hebben de smaak van <strong>telewerk<\/strong> te pakken !<\/h1>\n<h1><\/h1>\n<h1>Maar 40% van de ondervraagden werkten aan hun eet- of salontafel\u2026<\/h1>\n<p>&nbsp;<\/p>\n<h1>Daarom biedt Alternativ u een gloednieuwe oplossing : de <strong>Work@home <\/strong>!<\/h1>\n\t<meta itemprop=\"url\" content=\"https:\/\/www.alternativ.be\/wp-content\/uploads\/2020\/07\/Work@home-Video.m4v\" \/><div style=\"width: 640px;\" class=\"wp-video\"><!--[if lt IE 9]><script>document.createElement('video');<\/script><![endif]-->\n<video muted class=\"wp-video-shortcode\" id=\"video-29918-1\" width=\"640\" height=\"360\" loop=\"1\" autoplay=\"1\" preload=\"metadata\" controls=\"controls\"><source type=\"video\/mp4\" src=\"https:\/\/www.alternativ.be\/wp-content\/uploads\/2020\/07\/Work@home-Video.m4v?_=1\" \/><a href=\"https:\/\/www.alternativ.be\/wp-content\/uploads\/2020\/07\/Work@home-Video.m4v\">https:\/\/www.alternativ.be\/wp-content\/uploads\/2020\/07\/Work@home-Video.m4v<\/a><\/video><\/div>\n\t\t\t\t<img loading=\"lazy\" src=\"https:\/\/www.alternativ.be\/wp-content\/uploads\/2020\/07\/Work@home-9.jpg\" alt=\"Int\u00e9gration dans l'habitat r\u00e9sidentiel\" itemprop=\"image\" height=\"1080\" width=\"1920\" title=\"Work@home (9)\" onerror=\"this.style.display='none'\"  \/>\n\t<p>INTEGRATIE IN DE WONING<\/p>\n\t\t\t\t<img loading=\"lazy\" src=\"https:\/\/www.alternativ.be\/wp-content\/uploads\/2020\/07\/Work@home-7.jpg\" alt=\"Espace libre\" itemprop=\"image\" height=\"563\" width=\"1000\" title=\"Work@home (7)\" onerror=\"this.style.display='none'\"  \/>\n\t<p>VRIJE RUIMTE<\/p>\n\t\t\t\t<img loading=\"lazy\" src=\"https:\/\/www.alternativ.be\/wp-content\/uploads\/2020\/07\/Work@home-8.jpg\" alt=\"Espace de travail\" itemprop=\"image\" height=\"1080\" width=\"1920\" title=\"Work@home (8)\" onerror=\"this.style.display='none'\"  \/>\n\t<p>WERKRUIMTE<\/p>\n\t\t\t<h2>Net als thuis<\/h2>\t\t\t\n\t\t\t\t<p>Work@home ondersteunt de verschillende activiteiten die thuis worden uitgevoerd en valt niet op door zijn discrete integratie in de omgeving.<\/p>\n\t\t\t<h2>Op kantoor<\/h2>\t\t\t\n\t\t\t\t<p>Zijn look, de functionaliteiten en de beperkte plaats die het meubel inneemt, zorgen voor een gemakkelijke installatie in een coworkingruimte.<\/p>\n<p>Work@home kan gemakkelijk worden ge\u00efntegreerd in open bedrijfsruimtes van elke omvang en kan worden gebruikt in een flex office of als vaste werkplek.<\/p>\n\t\t\t\t<img loading=\"lazy\" src=\"https:\/\/www.alternativ.be\/wp-content\/uploads\/2020\/07\/Work@home-10.jpg\" alt=\"Work@home (10)\" itemprop=\"image\" height=\"563\" width=\"1000\" title=\"Work@home (10)\" onerror=\"this.style.display='none'\"  \/>\n\t\t\t\t<img loading=\"lazy\" src=\"https:\/\/www.alternativ.be\/wp-content\/uploads\/2020\/10\/Proam-Work@home-22-scaled.jpg\" alt=\"Proam Work@home (22)\" itemprop=\"image\" height=\"1703\" width=\"2560\" title=\"Proam Work@home (22)\" onerror=\"this.style.display='none'\"  \/>\n\t\t\t\t<img loading=\"lazy\" src=\"https:\/\/www.alternativ.be\/wp-content\/uploads\/2020\/10\/Proam-Work@home-24-scaled.jpg\" alt=\"Proam Work@home (24)\" itemprop=\"image\" height=\"1703\" width=\"2560\" title=\"Proam Work@home (24)\" onerror=\"this.style.display='none'\"  \/>\n\t\t\t\t<img loading=\"lazy\" src=\"https:\/\/www.alternativ.be\/wp-content\/uploads\/2020\/10\/Proam-Work@home-1-scaled.jpg\" alt=\"Proam Work@home (1)\" itemprop=\"image\" height=\"1707\" width=\"2560\" title=\"Proam Work@home (1)\" onerror=\"this.style.display='none'\"  \/>\n\t\t\t\t<img loading=\"lazy\" src=\"https:\/\/www.alternativ.be\/wp-content\/uploads\/2020\/07\/Work@home-3.jpg\" alt=\"Ouvert = Postes de travail\" itemprop=\"image\" height=\"563\" width=\"1000\" title=\"Work@home (3)\" onerror=\"this.style.display='none'\"  \/>\n\t<p>OPEN = WERKPLEKKEN<\/p>\n\t\t\t\t<img loading=\"lazy\" src=\"https:\/\/www.alternativ.be\/wp-content\/uploads\/2020\/07\/Work@home-11.jpg\" alt=\"Ferm\u00e9 = Espace lib\u00e9r\u00e9 pour d'autres activit\u00e9s\" itemprop=\"image\" height=\"563\" width=\"1000\" title=\"Work@home (11)\" onerror=\"this.style.display='none'\"  \/>\n\t<p>GESLOTEN = VRIJGEKOMEN RUIMTE VOOR ANDERE ACTIVITEITEN<\/p>\n\t\t\t<h2>Tertiaire ruimte<\/h2>\t\t\t\n\t<p>In open of gesloten tertiaire ruimtes past Work@home perfect om punctuele en flexibele werkplekken aan te bieden naast de standaard werkplekken.<\/p>\n<p>Work@home kan ook in kleinere ruimtes worden ge\u00efnstalleerd en biedt iedereen verschillende werkhoudingen, zowel voor individueel werk als voor groepswerk.<\/p>\n<p>Door zijn kleine grondoppervlak voldoet het meubel aan de behoeften van flexibele en herconfigureerbare ruimtes.<\/p>\n<p>E-mails lezen, samenzitten voor een videocall of een paar uur werken? Dankzij deze multifunctionele oplossing is het allemaal mogelijk.<\/p>\n\t\t\t<h2>Functionaliteiten<\/h2>\t\t\t\n\t<p>Work@home maakt meerdere toepassingen mogelijk op \u00e9\u00e9n plaats. De oplossing werd uitgedacht als een bureau en ontworpen volgens het concept van een kast. Het meubel kan met \u00e9\u00e9n hand in vijf seconden worden geopend en gesloten.<\/p>\n<p>Dankzij een metalen gescharnierde ligger plooit u het meubel moeiteloos open en biedt het een perfecte stabiliteit.<\/p>\n\t\t\t<img src=\"https:\/\/www.alternativ.be\/wp-content\/uploads\/2020\/07\/Work@home-13.jpg\" alt=\"Work@home (13)\">\n\t\t\t\t\t\t\t<p>Magnetische bevestiging in gesloten toestand<\/p>\t\t\t\t\t\t\t\t\t\t\t\t\t\n\t\t\t\t\t\t\t<p>0,28 m\u00b2 grondoppervlakte<\/p>\t\t\t\t\t\t\t\t\t\t\t\t\t\n\t\t\t<img src=\"https:\/\/www.alternativ.be\/wp-content\/uploads\/2020\/07\/Work@home-14.jpg\" alt=\"Work@home (14)\">\n\t\t\t\t\t\t\t<p>Scherm en toetsenbord kunnen in de kast worden opgeborgen.<\/p>\t\t\t\t\t\t\t\t\t\t\t\t\t\n\t\t\t\t\t\t\t<p>Kabelklier<\/p>\t\t\t\t\t\t\t\t\t\t\t\t\t\n\t\t\t\t\t\t\t<p>Gelede balk met schokbrekers<\/p>\t\t\t\t\t\t\t\t\t\t\t\t\t\n\t\t\t\t\t\t\t<p>Discrete wielen<\/p>\t\t\t\t\t\t\t\t\t\t\t\t\t\n\t\t\t<img src=\"https:\/\/www.alternativ.be\/wp-content\/uploads\/2020\/07\/Work@home-12.jpg\" alt=\"Work@home (12)\">\n\t\t\t\t\t\t\t<p>Uitsparing voor CPU, printer of systeem voor nabijheidsarchivering<\/p>\t\t\t\t\t\t\t\t\t\t\t\t\t\n\t\t\t\t\t\t\t<p>Nabijheidsopslag voor accessoires en decoratieve elementen<\/p>\t\t\t\t\t\t\t\t\t\t\t\t\t\n\t<h2>\n\t\t\t\tWij storten 10 % van het bedrag van uw bestelling door naar de vereniging DigitalForYouth.be.\n\t\t\t<\/h2>\n<p><strong><a href=\"http:\/\/digitalforyouth.be\/\">DigitalForYouth.be<\/a>\u00a0streeft ernaar om alle jongeren veilige en vlotte toegang tot ICT te bieden. Via verschillende oproepen en projecten ondersteunt\u00a0DigitalForYouth.be scholen en organisaties die zich ertoe verbinden om, samen met ons, de digitale kloof in Belgi\u00eb te dichten.<\/strong><\/p>\n<p>De afgelopen maanden heeft\u00a0DigitalForYouth.be\u00a0 een laptop voorzien aan meer dan 10.000 scholieren in Belgi\u00eb. Omdat de noden groot blijven, gaat\u00a0DigitalForYouth.be\u00a0 de komende maanden 5.000 extra laptops inzamelen en klaarmaken voor hergebruik.<\/p>\n<p>Kunnen wij (opnieuw) op jullie steun rekenen?<\/p>\n\t\t\t<a href=\"void(0)\" target=\"_self\" rel=\"noopener noreferrer\">\n\t\t\t\t\t\t\t\t\t\t\tMeer informatie\n\t\t<\/a>\n\t\t\t<h2>Prijs<\/h2>\t\t\t\n\t<p>De prijzen zijn exclusief BTW, levering en installatie.<\/p>\n<p>Speciale voorwaarden afhankelijk van het aantal!<\/p>\n\t\t\t\t\t\t\t\t\t\tMelamine Categorie 1\t\t\t\t\t\t\t\t\t\n\t\t\t635 \u20ac\n\t\t\t635 \u20ac\n\t\t\t\t\t\t\t\t\t\tMelamine Categorie 2\t\t\t\t\t\t\t\t\t\n\t\t\t680 \u20ac\n\t\t\t680 \u20ac\n\t\t\t\t\t\t\t\t\t\tWork@home + Stoel Steelcase Series 1\t\t\t\t\t\t\t\t\t\n\t\t\t984 \u20ac\n\t\t\t\t\t\t\t\t<p>Bureau: Melamine Categorie 1\u00a0Stoel: Zwarte afwerking<\/p>\t\t\t\t\t\t\t\t\n\t\t\t984 \u20ac\n\t\t\t\t\t\t\t\t\t\tWork@home + Stoel Steelcase Series 1\t\t\t\t\t\t\t\t\t\n\t\t\t1029 \u20ac\n\t\t\t\t\t\t\t\t<p>Bureau: Melamine Categorie 2\u00a0Stoel: Zwarte afwerking<\/p>\t\t\t\t\t\t\t\t\n\t\t\t1029 \u20ac\n\t\t\t<h2>Afwerking<\/h2>\t\t\t\n\t<p>De Work@home is beschikbaar in \u00e9\u00e9n of twee kleuren (werkblad en structuur in verschillende kleuren) naar keuze uit 2 categorie\u00ebn melamine.<\/p>\n<p>Bestand tegen krassen, vlekken van vloeistoffen en temperatuurveranderingen.<\/p>\n\t\t\t\t<img loading=\"lazy\" src=\"https:\/\/www.alternativ.be\/wp-content\/uploads\/2020\/07\/Narbutas-M\u00e9lamine-2.jpg\" alt=\"D1 Ch\u00eane blanchi\" itemprop=\"image\" height=\"198\" width=\"409\" title=\"Narbutas M\u00e9lamine (2)\" onerror=\"this.style.display='none'\"  \/>\n\t\tD1 Ch\u00eane blanchi\n\t\t\t\t<img loading=\"lazy\" src=\"https:\/\/www.alternativ.be\/wp-content\/uploads\/2020\/07\/Narbutas-M\u00e9lamine-1.jpg\" alt=\"D2 Ch\u00eane ambr\u00e9\" itemprop=\"image\" height=\"241\" width=\"405\" title=\"Narbutas M\u00e9lamine (1)\" onerror=\"this.style.display='none'\"  \/>\n\t\tD2 Ch\u00eane ambr\u00e9\n\t\t\t\t<img loading=\"lazy\" src=\"https:\/\/www.alternativ.be\/wp-content\/uploads\/2020\/07\/Narbutas-M\u00e9lamine-3.jpg\" alt=\"M1 Blanc\" itemprop=\"image\" height=\"224\" width=\"353\" title=\"Narbutas M\u00e9lamine (3)\" onerror=\"this.style.display='none'\"  \/>\n\t\tM1 Blanc\n\t\t\t\t<img loading=\"lazy\" src=\"https:\/\/www.alternativ.be\/wp-content\/uploads\/2020\/07\/Narbutas-M\u00e9lamine-4.jpg\" alt=\"N3 Gris perle\" itemprop=\"image\" height=\"235\" width=\"402\" title=\"Narbutas M\u00e9lamine (4)\" onerror=\"this.style.display='none'\"  \/>\n\t\tN3 Gris perle\n\t\t\t\t<img loading=\"lazy\" src=\"https:\/\/www.alternativ.be\/wp-content\/uploads\/2020\/07\/Narbutas-M\u00e9lamine-8.jpg\" alt=\"D3 Fr\u00eane sabl\u00e9\" itemprop=\"image\" height=\"248\" width=\"387\" title=\"Narbutas M\u00e9lamine (8)\" onerror=\"this.style.display='none'\"  \/>\n\t\tD3 Fr\u00eane sabl\u00e9\n\t\t\t\t<img loading=\"lazy\" src=\"https:\/\/www.alternativ.be\/wp-content\/uploads\/2020\/07\/Narbutas-M\u00e9lamine-7.jpg\" alt=\"D4 Noyer fonc\u00e9\" itemprop=\"image\" height=\"257\" width=\"390\" title=\"Narbutas M\u00e9lamine (7)\" onerror=\"this.style.display='none'\"  \/>\n\t\tD4 Noyer fonc\u00e9\n\t\t\t\t<img loading=\"lazy\" src=\"https:\/\/www.alternativ.be\/wp-content\/uploads\/2020\/07\/Narbutas-M\u00e9lamine-6.jpg\" alt=\"D3 Gris bois\" itemprop=\"image\" height=\"251\" width=\"389\" title=\"Narbutas M\u00e9lamine (6)\" onerror=\"this.style.display='none'\"  \/>\n\t\tD3 Gris bois\n\t\t\t\t<img loading=\"lazy\" src=\"https:\/\/www.alternativ.be\/wp-content\/uploads\/2020\/07\/Narbutas-M\u00e9lamine-5.jpg\" alt=\"N2 Gris cubanite\" itemprop=\"image\" height=\"243\" width=\"359\" title=\"Narbutas M\u00e9lamine (5)\" onerror=\"this.style.display='none'\"  \/>\n\t\tN2 Gris cubanite\n\t\t\t\t<img loading=\"lazy\" src=\"https:\/\/www.alternativ.be\/wp-content\/uploads\/2020\/07\/Steelcase-Series-1-2-e1596116485738.png\" alt=\"Image for illustrative purposes only, not the right color\" itemprop=\"image\" height=\"700\" width=\"525\" title=\"Steelcase Series 1 (2)\" onerror=\"this.style.display='none'\"  \/>\n\t\tImage for illustrative purposes only, not the right color\n\t\t\t\t<img loading=\"lazy\" src=\"https:\/\/www.alternativ.be\/wp-content\/uploads\/2020\/07\/Steelcase-Series-1-1-e1596116563627.png\" alt=\"Image for illustrative purposes only, not the right color\" itemprop=\"image\" height=\"700\" width=\"525\" title=\"Steelcase Series 1 (1)\" onerror=\"this.style.display='none'\"  \/>\n\t\tImage for illustrative purposes only, not the right color\n\t\t\t<h3>We bieden de lamp Aliz\u00e9e By Alternativ aan bij alle bestellingen van de Work@home Serie 1!<\/h3>\n\t\t\t<p><img loading=\"lazy\" src=\"https:\/\/www.alternativ.be\/wp-content\/uploads\/2020\/07\/Alternativ-Aliz\u00e9e-Lamp-287x400.jpg\" alt=\"\" width=\"287\" height=\"400\" \/><\/p>\n\t\t\t<a href=\"void(0)\" target=\"_self\" rel=\"noopener noreferrer\">\n\t\t\t\t\t\t\t\t\t\t\tProfiteer van ons exclusieve aanbod \n\t\t<\/a>\n\t\t<h3>Hoe kwam de Work@home tot stand?<\/h3>\t\t\n\t\t\t<p><em><strong>&#8220;De rol van het voorwerp is van vitaal belang. De vormgeving van de Work@home was interessant doordat we rekening moesten houden met situaties uit het dagelijks leven.\u201d<\/strong><\/em><\/p>\n<p>Met een achtergrond in de Schone Kunsten en eerder essentialistisch dan minimalistisch, cre\u00ebert Alain voorwerpen die zich in stilte aanpassen aan hun omgeving.<\/p>\n\t\t\t\t<img src=\"https:\/\/www.alternativ.be\/wp-content\/uploads\/2020\/07\/Work@home-Alain-Wajda-scaled.jpg\" alt=\"Work@home Alain Wajda\" itemprop=\"image\" title=\"Work@home Alain Wajda\" onerror=\"this.style.display='none'\"  \/>\n\t<p>Alain WAJDA <\/p>\n<p>Designer<\/p>\n\t\t\t\t<img loading=\"lazy\" src=\"https:\/\/www.alternativ.be\/wp-content\/uploads\/2019\/04\/WORKLIFE-ALTERNATIV-BRUSSELS-73.jpg\" alt=\"WORKLIFE ALTERNATIV BRUSSELS (73)\" itemprop=\"image\" height=\"1536\" width=\"2048\" title=\"WORKLIFE ALTERNATIV BRUSSELS (73)\" onerror=\"this.style.display='none'\"  \/>\n<h1>\n\t\tFAQ\n\t<\/h1>\n\t\t\t<a href=\"#\" id=\"fl-accordion--label-0\" tabindex=\"0\" aria-controls=\"fl-accordion--panel-0\">Wat zijn de afmetingen van de Work@home?<\/a>\n\t\t\t\t\t\t\t<a href=\"#\" id=\"fl-accordion--icon-0\" tabindex=\"0\" aria-controls=\"fl-accordion--panel-0\"><i>Expand<\/i><\/a>\n\t\t<p><img loading=\"lazy\" src=\"https:\/\/www.alternativ.be\/wp-content\/uploads\/2020\/07\/Work@home-Dimensions-1-221x400.png\" alt=\"\" width=\"171\" height=\"310\" \/>\u00a0 \u00a0 \u00a0 \u00a0 \u00a0<img loading=\"lazy\" src=\"https:\/\/www.alternativ.be\/wp-content\/uploads\/2020\/07\/Work@home-Dimensions-2-351x400.png\" alt=\"\" width=\"267\" height=\"304\" \/>\u00a0 \u00a0 \u00a0 \u00a0<img loading=\"lazy\" src=\"https:\/\/www.alternativ.be\/wp-content\/uploads\/2020\/07\/Work@home-Dimensions-3-222x400.png\" alt=\"\" width=\"168\" height=\"303\" \/><img loading=\"lazy\" src=\"https:\/\/www.alternativ.be\/wp-content\/uploads\/2020\/08\/Work@home-Dimensions-4-600x355.jpg\" alt=\"\" width=\"600\" height=\"355\" \/><\/p>\n\t\t\t<a href=\"#\" id=\"fl-accordion--label-1\" tabindex=\"0\" aria-controls=\"fl-accordion--panel-1\">Zijn er opties mogelijk?<\/a>\n\t\t\t\t\t\t\t<a href=\"#\" id=\"fl-accordion--icon-1\" tabindex=\"0\" aria-controls=\"fl-accordion--panel-1\"><i>Expand<\/i><\/a>\n\t\t<p>Ja, we bieden een voeding van Bachmann (2 PC\u2019s + 2 USB\u2019s).<\/p>\n<p><img loading=\"lazy\" src=\"https:\/\/www.alternativ.be\/wp-content\/uploads\/2020\/07\/Work@home-Bachmann-533x400.jpg\" alt=\"\" width=\"257\" height=\"193\" \/><\/p>\n<p>En een VESA-compatibele scharnierende beeldschermarm.<\/p>\n<p><img loading=\"lazy\" src=\"https:\/\/www.alternativ.be\/wp-content\/uploads\/2020\/07\/Work@home-Support-\u00e9cran-533x400.jpg\" alt=\"\" width=\"255\" height=\"191\" \/><\/p>\n\t<p>Nog vragen? <a href=\"https:\/\/www.alternativ.be\/nl\/contact\/\">Contacteer ons!<\/a><\/p>\n<p>&nbsp;<\/p>\n","protected":false},"excerpt":{"rendered":"<p>Meer dan 80% van de werknemers hebben de smaak van telewerk te pakken ! Maar 40% van de ondervraagden werkten aan hun eet- of salontafel\u2026 &nbsp; Daarom biedt Alternativ u een gloednieuwe oplossing : de Work@home ! INTEGRATIE IN DE WONING VRIJE RUIMTE WERKRUIMTE Net als thuis Work@home ondersteunt de verschillende activiteiten die thuis worden \u2026<\/p>\n","protected":false},"author":3,"featured_media":29690,"parent":0,"menu_order":101,"comment_status":"closed","ping_status":"closed","template":"template-beaverbuilder.php","meta":[],"acf":[],"yoast_head":"<!-- This site is optimized with the Yoast SEO Premium plugin v18.0 (Yoast SEO v18.1) - https:\/\/yoast.com\/wordpress\/plugins\/seo\/ -->\n<title>Work@home, het compacte, flexibele en slimme bureau - Alternativ<\/title>\n<meta name=\"description\" content=\"Uitgedacht als een bureau en ontworpen volgens het concept van een kast, kan Work@home met \u00e9\u00e9n hand in vijf seconden worden geopend en gesloten.\" \/>\n<meta name=\"robots\" content=\"index, follow, max-snippet:-1, max-image-preview:large, max-video-preview:-1\" \/>\n<link rel=\"canonical\" href=\"https:\/\/www.alternativ.be\/nl\/work-home\/\" \/>\n<meta property=\"og:locale\" content=\"nl_NL\" \/>\n<meta property=\"og:type\" content=\"article\" \/>\n<meta property=\"og:title\" content=\"Work@home\" \/>\n<meta property=\"og:description\" content=\"Uitgedacht als een bureau en ontworpen volgens het concept van een kast, kan Work@home met \u00e9\u00e9n hand in vijf seconden worden geopend en gesloten.\" \/>\n<meta property=\"og:url\" content=\"https:\/\/www.alternativ.be\/nl\/work-home\/\" \/>\n<meta property=\"og:site_name\" content=\"Alternativ\" \/>\n<meta property=\"article:publisher\" content=\"https:\/\/www.facebook.com\/alternativ.be\/\" \/>\n<meta property=\"article:modified_time\" content=\"2020-10-07T13:19:42+00:00\" \/>\n<meta property=\"og:image\" content=\"https:\/\/www.alternativ.be\/wp-content\/uploads\/2020\/07\/Work@home.jpg\" \/>\n\t<meta property=\"og:image:width\" content=\"866\" \/>\n\t<meta property=\"og:image:height\" content=\"1129\" \/>\n\t<meta property=\"og:image:type\" content=\"image\/jpeg\" \/>\n<meta name=\"twitter:card\" content=\"summary_large_image\" \/>\n<meta name=\"twitter:site\" content=\"@ALTERNATIV1050\" \/>\n<meta name=\"twitter:label1\" content=\"Geschatte leestijd\" \/>\n\t<meta name=\"twitter:data1\" content=\"3 minuten\" \/>\n<script type=\"application\/ld+json\" class=\"yoast-schema-graph\">{\"@context\":\"https:\/\/schema.org\",\"@graph\":[{\"@type\":\"Organization\",\"@id\":\"https:\/\/www.alternativ.be\/#organization\",\"name\":\"Alternativ\",\"url\":\"https:\/\/www.alternativ.be\/\",\"sameAs\":[\"https:\/\/www.facebook.com\/alternativ.be\/\",\"https:\/\/www.instagram.com\/alternativ.be\/\",\"https:\/\/www.linkedin.com\/company\/alternativ-furniture-solutions\/\",\"https:\/\/www.pinterest.fr\/alternativbxl\/\",\"https:\/\/twitter.com\/ALTERNATIV1050\"],\"logo\":{\"@type\":\"ImageObject\",\"@id\":\"https:\/\/www.alternativ.be\/#logo\",\"inLanguage\":\"nl\",\"url\":\"https:\/\/www.alternativ.be\/wp-content\/uploads\/2019\/05\/alternativ-logo-red.png\",\"contentUrl\":\"https:\/\/www.alternativ.be\/wp-content\/uploads\/2019\/05\/alternativ-logo-red.png\",\"width\":\"246\",\"height\":\"36\",\"caption\":\"Alternativ\"},\"image\":{\"@id\":\"https:\/\/www.alternativ.be\/#logo\"}},{\"@type\":\"WebSite\",\"@id\":\"https:\/\/www.alternativ.be\/#website\",\"url\":\"https:\/\/www.alternativ.be\/\",\"name\":\"Alternativ\",\"description\":\"Am\u00e9nagement et r\u00e9novation de bureau professionnel\",\"publisher\":{\"@id\":\"https:\/\/www.alternativ.be\/#organization\"},\"potentialAction\":[{\"@type\":\"SearchAction\",\"target\":{\"@type\":\"EntryPoint\",\"urlTemplate\":\"https:\/\/www.alternativ.be\/?s={search_term_string}\"},\"query-input\":\"required name=search_term_string\"}],\"inLanguage\":\"nl\"},{\"@type\":\"ImageObject\",\"@id\":\"https:\/\/www.alternativ.be\/nl\/work-home\/#primaryimage\",\"inLanguage\":\"nl\",\"url\":\"https:\/\/www.alternativ.be\/wp-content\/uploads\/2020\/07\/Work@home.jpg\",\"contentUrl\":\"https:\/\/www.alternativ.be\/wp-content\/uploads\/2020\/07\/Work@home.jpg\",\"width\":866,\"height\":1129},{\"@type\":\"WebPage\",\"@id\":\"https:\/\/www.alternativ.be\/nl\/work-home\/#webpage\",\"url\":\"https:\/\/www.alternativ.be\/nl\/work-home\/\",\"name\":\"Work@home, het compacte, flexibele en slimme bureau - Alternativ\",\"isPartOf\":{\"@id\":\"https:\/\/www.alternativ.be\/#website\"},\"primaryImageOfPage\":{\"@id\":\"https:\/\/www.alternativ.be\/nl\/work-home\/#primaryimage\"},\"datePublished\":\"2020-07-27T11:19:09+00:00\",\"dateModified\":\"2020-10-07T13:19:42+00:00\",\"description\":\"Uitgedacht als een bureau en ontworpen volgens het concept van een kast, kan Work@home met \u00e9\u00e9n hand in vijf seconden worden geopend en gesloten.\",\"breadcrumb\":{\"@id\":\"https:\/\/www.alternativ.be\/nl\/work-home\/#breadcrumb\"},\"inLanguage\":\"nl\",\"potentialAction\":[{\"@type\":\"ReadAction\",\"target\":[\"https:\/\/www.alternativ.be\/nl\/work-home\/\"]}]},{\"@type\":\"BreadcrumbList\",\"@id\":\"https:\/\/www.alternativ.be\/nl\/work-home\/#breadcrumb\",\"itemListElement\":[{\"@type\":\"ListItem\",\"position\":1,\"name\":\"Home\",\"item\":\"https:\/\/www.alternativ.be\/nl\/\"},{\"@type\":\"ListItem\",\"position\":2,\"name\":\"Work@home\"}]}]}<\/script>\n<!-- \/ Yoast SEO Premium plugin. -->","yoast_head_json":{"title":"Work@home, het compacte, flexibele en slimme bureau - Alternativ","description":"Uitgedacht als een bureau en ontworpen volgens het concept van een kast, kan Work@home met \u00e9\u00e9n hand in vijf seconden worden geopend en gesloten.","robots":{"index":"index","follow":"follow","max-snippet":"max-snippet:-1","max-image-preview":"max-image-preview:large","max-video-preview":"max-video-preview:-1"},"canonical":"https:\/\/www.alternativ.be\/nl\/work-home\/","og_locale":"nl_NL","og_type":"article","og_title":"Work@home","og_description":"Uitgedacht als een bureau en ontworpen volgens het concept van een kast, kan Work@home met \u00e9\u00e9n hand in vijf seconden worden geopend en gesloten.","og_url":"https:\/\/www.alternativ.be\/nl\/work-home\/","og_site_name":"Alternativ","article_publisher":"https:\/\/www.facebook.com\/alternativ.be\/","article_modified_time":"2020-10-07T13:19:42+00:00","og_image":[{"width":866,"height":1129,"url":"https:\/\/www.alternativ.be\/wp-content\/uploads\/2020\/07\/Work@home.jpg","type":"image\/jpeg"}],"twitter_card":"summary_large_image","twitter_site":"@ALTERNATIV1050","twitter_misc":{"Geschatte leestijd":"3 minuten"},"schema":{"@context":"https:\/\/schema.org","@graph":[{"@type":"Organization","@id":"https:\/\/www.alternativ.be\/#organization","name":"Alternativ","url":"https:\/\/www.alternativ.be\/","sameAs":["https:\/\/www.facebook.com\/alternativ.be\/","https:\/\/www.instagram.com\/alternativ.be\/","https:\/\/www.linkedin.com\/company\/alternativ-furniture-solutions\/","https:\/\/www.pinterest.fr\/alternativbxl\/","https:\/\/twitter.com\/ALTERNATIV1050"],"logo":{"@type":"ImageObject","@id":"https:\/\/www.alternativ.be\/#logo","inLanguage":"nl","url":"https:\/\/www.alternativ.be\/wp-content\/uploads\/2019\/05\/alternativ-logo-red.png","contentUrl":"https:\/\/www.alternativ.be\/wp-content\/uploads\/2019\/05\/alternativ-logo-red.png","width":"246","height":"36","caption":"Alternativ"},"image":{"@id":"https:\/\/www.alternativ.be\/#logo"}},{"@type":"WebSite","@id":"https:\/\/www.alternativ.be\/#website","url":"https:\/\/www.alternativ.be\/","name":"Alternativ","description":"Am\u00e9nagement et r\u00e9novation de bureau professionnel","publisher":{"@id":"https:\/\/www.alternativ.be\/#organization"},"potentialAction":[{"@type":"SearchAction","target":{"@type":"EntryPoint","urlTemplate":"https:\/\/www.alternativ.be\/?s={search_term_string}"},"query-input":"required name=search_term_string"}],"inLanguage":"nl"},{"@type":"ImageObject","@id":"https:\/\/www.alternativ.be\/nl\/work-home\/#primaryimage","inLanguage":"nl","url":"https:\/\/www.alternativ.be\/wp-content\/uploads\/2020\/07\/Work@home.jpg","contentUrl":"https:\/\/www.alternativ.be\/wp-content\/uploads\/2020\/07\/Work@home.jpg","width":866,"height":1129},{"@type":"WebPage","@id":"https:\/\/www.alternativ.be\/nl\/work-home\/#webpage","url":"https:\/\/www.alternativ.be\/nl\/work-home\/","name":"Work@home, het compacte, flexibele en slimme bureau - Alternativ","isPartOf":{"@id":"https:\/\/www.alternativ.be\/#website"},"primaryImageOfPage":{"@id":"https:\/\/www.alternativ.be\/nl\/work-home\/#primaryimage"},"datePublished":"2020-07-27T11:19:09+00:00","dateModified":"2020-10-07T13:19:42+00:00","description":"Uitgedacht als een bureau en ontworpen volgens het concept van een kast, kan Work@home met \u00e9\u00e9n hand in vijf seconden worden geopend en gesloten.","breadcrumb":{"@id":"https:\/\/www.alternativ.be\/nl\/work-home\/#breadcrumb"},"inLanguage":"nl","potentialAction":[{"@type":"ReadAction","target":["https:\/\/www.alternativ.be\/nl\/work-home\/"]}]},{"@type":"BreadcrumbList","@id":"https:\/\/www.alternativ.be\/nl\/work-home\/#breadcrumb","itemListElement":[{"@type":"ListItem","position":1,"name":"Home","item":"https:\/\/www.alternativ.be\/nl\/"},{"@type":"ListItem","position":2,"name":"Work@home"}]}]}},"_links":{"self":[{"href":"https:\/\/www.alternativ.be\/nl\/wp-json\/wp\/v2\/pages\/29918"}],"collection":[{"href":"https:\/\/www.alternativ.be\/nl\/wp-json\/wp\/v2\/pages"}],"about":[{"href":"https:\/\/www.alternativ.be\/nl\/wp-json\/wp\/v2\/types\/page"}],"author":[{"embeddable":true,"href":"https:\/\/www.alternativ.be\/nl\/wp-json\/wp\/v2\/users\/3"}],"replies":[{"embeddable":true,"href":"https:\/\/www.alternativ.be\/nl\/wp-json\/wp\/v2\/comments?post=29918"}],"version-history":[{"count":10,"href":"https:\/\/www.alternativ.be\/nl\/wp-json\/wp\/v2\/pages\/29918\/revisions"}],"predecessor-version":[{"id":30563,"href":"https:\/\/www.alternativ.be\/nl\/wp-json\/wp\/v2\/pages\/29918\/revisions\/30563"}],"wp:featuredmedia":[{"embeddable":true,"href":"https:\/\/www.alternativ.be\/nl\/wp-json\/wp\/v2\/media\/29690"}],"wp:attachment":[{"href":"https:\/\/www.alternativ.be\/nl\/wp-json\/wp\/v2\/media?parent=29918"}],"curies":[{"name":"wp","href":"https:\/\/api.w.org\/{rel}","templated":true}]}}