{"id":13480,"date":"2019-03-27T14:42:43","date_gmt":"2019-03-27T14:42:43","guid":{"rendered":"https:\/\/www.alternativ.be\/diensten\/mobilier-de-bureau\/"},"modified":"2022-10-19T15:36:09","modified_gmt":"2022-10-19T13:36:09","slug":"kantoormeubilair","status":"publish","type":"page","link":"https:\/\/www.alternativ.be\/nl\/diensten\/kantoormeubilair\/","title":{"rendered":"Kantoormeubilair"},"content":{"rendered":"<p>Hoe kunt u uw rug ontzien op kantoor als u acht uur lang op een stoel zit?<\/p>\n<p>Alle kinesitherapeuten zijn het erover eens dat je in de loop van de dag geregeld van houding moet veranderen.<\/p>\n<p>Het is dus belangrijk om specifiek meubilair in de werkruimte te integreren: ergonomische of zelfs intu\u00eftieve stoelen die reageren op de bewegingen van het lichaam, bureaus waaraan je rechtstaand werkt, zitbanken die uitnodigen om samen te zitten&#8230;<\/p>\n<p>Alternativ is op de hoogte van de nieuwste technologische evoluties in de wereld van de kantoormeubelen!<\/p>\n<h3>Meubilair naar het imago van uw bedrijf<\/h3>\n<p>Thuis willen we ons graag goed voelen, waarom zou dat niet gelden op kantoor?<\/p>\n<p>Als we de hedendaagse werkwereld bekijken, stellen we vast dat medewerkers een werkplek op maat kunnen kiezen en dat de nieuwe generatie werknemers gevoelig is voor design. Modulair, kwaliteitsvol kantoormeubilair met een aantrekkelijk design is de esthetische signatuur van uw bedrijf!<\/p>\n<p>Daarom werkt Alternativ samen met een aantal gerenommeerde merken van kantoormeubelen en zijn we er trots op dat we de offici\u00eble verdeler zijn voor Steelcase, de wereldleider in kantoormeubeloplossingen!<\/p>\n<h3>En wat met het budget ?<\/h3>\n<p>Bent u op zoek naar bureaus, stoelen, bureaustoelen, kasten, inrichting voor vergaderzalen, het bedrijfsrestaurant, de onthaalbalie?<\/p>\n<p>U kunt vertrouwen op de projectmanager van Alternativ om uw behoeften te begrijpen, uw bestek (uw imago, uw behoeften, uw budget, uw deadline) op te stellen en\/of te respecteren en de inplanting van uw nieuwe meubilair in een inspirerende werkomgeving stap voor stap te co\u00f6rdineren.<\/p>\n","protected":false},"excerpt":{"rendered":"<p>Hoe kunt u uw rug ontzien op kantoor als u acht uur lang op een stoel zit? Alle kinesitherapeuten zijn het erover eens dat je in de loop van de dag geregeld van houding moet veranderen. Het is dus belangrijk om specifiek meubilair in de werkruimte te integreren: ergonomische of zelfs intu\u00eftieve stoelen die reageren \u2026<\/p>\n","protected":false},"author":7,"featured_media":33338,"parent":9806,"menu_order":48,"comment_status":"closed","ping_status":"closed","template":"template-service.php","meta":[],"acf":[],"yoast_head":"<!-- This site is optimized with the Yoast SEO Premium plugin v18.0 (Yoast SEO v18.1) - https:\/\/yoast.com\/wordpress\/plugins\/seo\/ -->\n<title>Kantoormeubilair - Alternativ mobilier de bureau pour soci\u00e9t\u00e9s<\/title>\n<meta name=\"description\" content=\"Vous \u00eates \u00e0 la recherche de bureaux, chaises, si\u00e8ges de bureau, armoires, salle de r\u00e9union, collectivit\u00e9, comptoir d\u2019accueil? Contactez Alternativ !\" \/>\n<meta name=\"robots\" content=\"index, follow, max-snippet:-1, max-image-preview:large, max-video-preview:-1\" \/>\n<link rel=\"canonical\" href=\"https:\/\/www.alternativ.be\/nl\/diensten\/kantoormeubilair\/\" \/>\n<meta property=\"og:locale\" content=\"nl_NL\" \/>\n<meta property=\"og:type\" content=\"article\" \/>\n<meta property=\"og:title\" content=\"Kantoormeubilair\" \/>\n<meta property=\"og:description\" content=\"Vous \u00eates \u00e0 la recherche de bureaux, chaises, si\u00e8ges de bureau, armoires, salle de r\u00e9union, collectivit\u00e9, comptoir d\u2019accueil? Contactez Alternativ !\" \/>\n<meta property=\"og:url\" content=\"https:\/\/www.alternativ.be\/nl\/diensten\/kantoormeubilair\/\" \/>\n<meta property=\"og:site_name\" content=\"Alternativ\" \/>\n<meta property=\"article:publisher\" content=\"https:\/\/www.facebook.com\/alternativ.be\/\" \/>\n<meta property=\"article:modified_time\" content=\"2022-10-19T13:36:09+00:00\" \/>\n<meta property=\"og:image\" content=\"https:\/\/www.alternativ.be\/wp-content\/uploads\/2022\/07\/SONY-35-scaled.jpg\" \/>\n\t<meta property=\"og:image:width\" content=\"2560\" \/>\n\t<meta property=\"og:image:height\" content=\"1707\" \/>\n\t<meta property=\"og:image:type\" content=\"image\/jpeg\" \/>\n<meta name=\"twitter:card\" content=\"summary_large_image\" \/>\n<meta name=\"twitter:site\" content=\"@ALTERNATIV1050\" \/>\n<meta name=\"twitter:label1\" content=\"Geschatte leestijd\" \/>\n\t<meta name=\"twitter:data1\" content=\"2 minuten\" \/>\n<script type=\"application\/ld+json\" class=\"yoast-schema-graph\">{\"@context\":\"https:\/\/schema.org\",\"@graph\":[{\"@type\":\"Organization\",\"@id\":\"https:\/\/www.alternativ.be\/#organization\",\"name\":\"Alternativ\",\"url\":\"https:\/\/www.alternativ.be\/\",\"sameAs\":[\"https:\/\/www.facebook.com\/alternativ.be\/\",\"https:\/\/www.instagram.com\/alternativ.be\/\",\"https:\/\/www.linkedin.com\/company\/alternativ-furniture-solutions\/\",\"https:\/\/www.pinterest.fr\/alternativbxl\/\",\"https:\/\/twitter.com\/ALTERNATIV1050\"],\"logo\":{\"@type\":\"ImageObject\",\"@id\":\"https:\/\/www.alternativ.be\/#logo\",\"inLanguage\":\"nl\",\"url\":\"https:\/\/www.alternativ.be\/wp-content\/uploads\/2019\/05\/alternativ-logo-red.png\",\"contentUrl\":\"https:\/\/www.alternativ.be\/wp-content\/uploads\/2019\/05\/alternativ-logo-red.png\",\"width\":\"246\",\"height\":\"36\",\"caption\":\"Alternativ\"},\"image\":{\"@id\":\"https:\/\/www.alternativ.be\/#logo\"}},{\"@type\":\"WebSite\",\"@id\":\"https:\/\/www.alternativ.be\/#website\",\"url\":\"https:\/\/www.alternativ.be\/\",\"name\":\"Alternativ\",\"description\":\"Am\u00e9nagement et r\u00e9novation de bureau professionnel\",\"publisher\":{\"@id\":\"https:\/\/www.alternativ.be\/#organization\"},\"potentialAction\":[{\"@type\":\"SearchAction\",\"target\":{\"@type\":\"EntryPoint\",\"urlTemplate\":\"https:\/\/www.alternativ.be\/?s={search_term_string}\"},\"query-input\":\"required name=search_term_string\"}],\"inLanguage\":\"nl\"},{\"@type\":\"ImageObject\",\"@id\":\"https:\/\/www.alternativ.be\/nl\/diensten\/kantoormeubilair\/#primaryimage\",\"inLanguage\":\"nl\",\"url\":\"https:\/\/www.alternativ.be\/wp-content\/uploads\/2022\/07\/SONY-35-scaled.jpg\",\"contentUrl\":\"https:\/\/www.alternativ.be\/wp-content\/uploads\/2022\/07\/SONY-35-scaled.jpg\",\"width\":2560,\"height\":1707},{\"@type\":\"WebPage\",\"@id\":\"https:\/\/www.alternativ.be\/nl\/diensten\/kantoormeubilair\/#webpage\",\"url\":\"https:\/\/www.alternativ.be\/nl\/diensten\/kantoormeubilair\/\",\"name\":\"Kantoormeubilair - Alternativ mobilier de bureau pour soci\u00e9t\u00e9s\",\"isPartOf\":{\"@id\":\"https:\/\/www.alternativ.be\/#website\"},\"primaryImageOfPage\":{\"@id\":\"https:\/\/www.alternativ.be\/nl\/diensten\/kantoormeubilair\/#primaryimage\"},\"datePublished\":\"2019-03-27T14:42:43+00:00\",\"dateModified\":\"2022-10-19T13:36:09+00:00\",\"description\":\"Vous \u00eates \u00e0 la recherche de bureaux, chaises, si\u00e8ges de bureau, armoires, salle de r\u00e9union, collectivit\u00e9, comptoir d\u2019accueil? Contactez Alternativ !\",\"breadcrumb\":{\"@id\":\"https:\/\/www.alternativ.be\/nl\/diensten\/kantoormeubilair\/#breadcrumb\"},\"inLanguage\":\"nl\",\"potentialAction\":[{\"@type\":\"ReadAction\",\"target\":[\"https:\/\/www.alternativ.be\/nl\/diensten\/kantoormeubilair\/\"]}]},{\"@type\":\"BreadcrumbList\",\"@id\":\"https:\/\/www.alternativ.be\/nl\/diensten\/kantoormeubilair\/#breadcrumb\",\"itemListElement\":[{\"@type\":\"ListItem\",\"position\":1,\"name\":\"Home\",\"item\":\"https:\/\/www.alternativ.be\/nl\/\"},{\"@type\":\"ListItem\",\"position\":2,\"name\":\"Diensten_\",\"item\":\"https:\/\/www.alternativ.be\/nl\/diensten\/\"},{\"@type\":\"ListItem\",\"position\":3,\"name\":\"Kantoormeubilair\"}]}]}<\/script>\n<!-- \/ Yoast SEO Premium plugin. -->","yoast_head_json":{"title":"Kantoormeubilair - Alternativ mobilier de bureau pour soci\u00e9t\u00e9s","description":"Vous \u00eates \u00e0 la recherche de bureaux, chaises, si\u00e8ges de bureau, armoires, salle de r\u00e9union, collectivit\u00e9, comptoir d\u2019accueil? Contactez Alternativ !","robots":{"index":"index","follow":"follow","max-snippet":"max-snippet:-1","max-image-preview":"max-image-preview:large","max-video-preview":"max-video-preview:-1"},"canonical":"https:\/\/www.alternativ.be\/nl\/diensten\/kantoormeubilair\/","og_locale":"nl_NL","og_type":"article","og_title":"Kantoormeubilair","og_description":"Vous \u00eates \u00e0 la recherche de bureaux, chaises, si\u00e8ges de bureau, armoires, salle de r\u00e9union, collectivit\u00e9, comptoir d\u2019accueil? Contactez Alternativ !","og_url":"https:\/\/www.alternativ.be\/nl\/diensten\/kantoormeubilair\/","og_site_name":"Alternativ","article_publisher":"https:\/\/www.facebook.com\/alternativ.be\/","article_modified_time":"2022-10-19T13:36:09+00:00","og_image":[{"width":2560,"height":1707,"url":"https:\/\/www.alternativ.be\/wp-content\/uploads\/2022\/07\/SONY-35-scaled.jpg","type":"image\/jpeg"}],"twitter_card":"summary_large_image","twitter_site":"@ALTERNATIV1050","twitter_misc":{"Geschatte leestijd":"2 minuten"},"schema":{"@context":"https:\/\/schema.org","@graph":[{"@type":"Organization","@id":"https:\/\/www.alternativ.be\/#organization","name":"Alternativ","url":"https:\/\/www.alternativ.be\/","sameAs":["https:\/\/www.facebook.com\/alternativ.be\/","https:\/\/www.instagram.com\/alternativ.be\/","https:\/\/www.linkedin.com\/company\/alternativ-furniture-solutions\/","https:\/\/www.pinterest.fr\/alternativbxl\/","https:\/\/twitter.com\/ALTERNATIV1050"],"logo":{"@type":"ImageObject","@id":"https:\/\/www.alternativ.be\/#logo","inLanguage":"nl","url":"https:\/\/www.alternativ.be\/wp-content\/uploads\/2019\/05\/alternativ-logo-red.png","contentUrl":"https:\/\/www.alternativ.be\/wp-content\/uploads\/2019\/05\/alternativ-logo-red.png","width":"246","height":"36","caption":"Alternativ"},"image":{"@id":"https:\/\/www.alternativ.be\/#logo"}},{"@type":"WebSite","@id":"https:\/\/www.alternativ.be\/#website","url":"https:\/\/www.alternativ.be\/","name":"Alternativ","description":"Am\u00e9nagement et r\u00e9novation de bureau professionnel","publisher":{"@id":"https:\/\/www.alternativ.be\/#organization"},"potentialAction":[{"@type":"SearchAction","target":{"@type":"EntryPoint","urlTemplate":"https:\/\/www.alternativ.be\/?s={search_term_string}"},"query-input":"required name=search_term_string"}],"inLanguage":"nl"},{"@type":"ImageObject","@id":"https:\/\/www.alternativ.be\/nl\/diensten\/kantoormeubilair\/#primaryimage","inLanguage":"nl","url":"https:\/\/www.alternativ.be\/wp-content\/uploads\/2022\/07\/SONY-35-scaled.jpg","contentUrl":"https:\/\/www.alternativ.be\/wp-content\/uploads\/2022\/07\/SONY-35-scaled.jpg","width":2560,"height":1707},{"@type":"WebPage","@id":"https:\/\/www.alternativ.be\/nl\/diensten\/kantoormeubilair\/#webpage","url":"https:\/\/www.alternativ.be\/nl\/diensten\/kantoormeubilair\/","name":"Kantoormeubilair - Alternativ mobilier de bureau pour soci\u00e9t\u00e9s","isPartOf":{"@id":"https:\/\/www.alternativ.be\/#website"},"primaryImageOfPage":{"@id":"https:\/\/www.alternativ.be\/nl\/diensten\/kantoormeubilair\/#primaryimage"},"datePublished":"2019-03-27T14:42:43+00:00","dateModified":"2022-10-19T13:36:09+00:00","description":"Vous \u00eates \u00e0 la recherche de bureaux, chaises, si\u00e8ges de bureau, armoires, salle de r\u00e9union, collectivit\u00e9, comptoir d\u2019accueil? Contactez Alternativ !","breadcrumb":{"@id":"https:\/\/www.alternativ.be\/nl\/diensten\/kantoormeubilair\/#breadcrumb"},"inLanguage":"nl","potentialAction":[{"@type":"ReadAction","target":["https:\/\/www.alternativ.be\/nl\/diensten\/kantoormeubilair\/"]}]},{"@type":"BreadcrumbList","@id":"https:\/\/www.alternativ.be\/nl\/diensten\/kantoormeubilair\/#breadcrumb","itemListElement":[{"@type":"ListItem","position":1,"name":"Home","item":"https:\/\/www.alternativ.be\/nl\/"},{"@type":"ListItem","position":2,"name":"Diensten_","item":"https:\/\/www.alternativ.be\/nl\/diensten\/"},{"@type":"ListItem","position":3,"name":"Kantoormeubilair"}]}]}},"_links":{"self":[{"href":"https:\/\/www.alternativ.be\/nl\/wp-json\/wp\/v2\/pages\/13480"}],"collection":[{"href":"https:\/\/www.alternativ.be\/nl\/wp-json\/wp\/v2\/pages"}],"about":[{"href":"https:\/\/www.alternativ.be\/nl\/wp-json\/wp\/v2\/types\/page"}],"author":[{"embeddable":true,"href":"https:\/\/www.alternativ.be\/nl\/wp-json\/wp\/v2\/users\/7"}],"replies":[{"embeddable":true,"href":"https:\/\/www.alternativ.be\/nl\/wp-json\/wp\/v2\/comments?post=13480"}],"version-history":[{"count":10,"href":"https:\/\/www.alternativ.be\/nl\/wp-json\/wp\/v2\/pages\/13480\/revisions"}],"predecessor-version":[{"id":33810,"href":"https:\/\/www.alternativ.be\/nl\/wp-json\/wp\/v2\/pages\/13480\/revisions\/33810"}],"up":[{"embeddable":true,"href":"https:\/\/www.alternativ.be\/nl\/wp-json\/wp\/v2\/pages\/9806"}],"wp:featuredmedia":[{"embeddable":true,"href":"https:\/\/www.alternativ.be\/nl\/wp-json\/wp\/v2\/media\/33338"}],"wp:attachment":[{"href":"https:\/\/www.alternativ.be\/nl\/wp-json\/wp\/v2\/media?parent=13480"}],"curies":[{"name":"wp","href":"https:\/\/api.w.org\/{rel}","templated":true}]}}