{"id":13471,"date":"2019-03-27T14:41:59","date_gmt":"2019-03-27T14:41:59","guid":{"rendered":"https:\/\/www.alternativ.be\/diensten\/renovation\/"},"modified":"2022-10-19T15:45:49","modified_gmt":"2022-10-19T13:45:49","slug":"renovatie","status":"publish","type":"page","link":"https:\/\/www.alternativ.be\/nl\/diensten\/renovatie\/","title":{"rendered":"Renovatie"},"content":{"rendered":"<p>Zeker als u van plan bent de kantoren te blijven gebruiken tijdens de renovatie of reorganisatie van uw werkruimten.<br \/>\nDe inrichting van een verdieping of kantoor moet immers stipt en op elk moment worden opgevolgd!<br \/>\nMet Alternativ kan dat zonder enige stress!<br \/>\nWe stellen een projectmanager aan die u persoonlijk zal begeleiden bij elke stap van uw renovatie.<br \/>\nDankzij zijn ervaring kunt u in optimale omstandigheden blijven werken.<\/p>\n<h3>Onze vakmannen<\/h3>\n<p>Zowel voor het verbeteren van het comfort (licht, akoestiek, bibliofiele omgeving) als voor het ontwerp (interieurarchitectuur, renovatie van vloeren, muren, decoratie) of de ergonomie van uw werkruimten, doet Alternativ een beroep op zelfstandige vakmannen met wie onze medewerkers op het terrein een echte vertrouwensrelatie hebben opgebouwd op basis van jarenlang wederzijds respect. Alternativ treedt op als interface tussen deze renovatie-experts en uw vereisten.<\/p>\n<p>Door met onze vakmannen te werken kunnen we ons ertoe verbinden uw budget te respecteren en de werken binnen de afgesproken termijn te voltooien.<\/p>\n<p>Wij staan in voor uw planning! Werkt u toch liever met uw eigen vakmannen uit de sector, dan passen wij ons aan.<\/p>\n<h3>We houden ons aan de planning !<\/h3>\n<p>Tijd is de achilleshiel bij renovatieprojecten!<br \/>\nDaarom zal onze projectmanager u een gedetailleerde planning voorstellen en u begeleiden tijdens de renovatiewerken of de reorganisatie van uw werkruimten door onze vakmannen.<\/p>\n","protected":false},"excerpt":{"rendered":"<p>Zeker als u van plan bent de kantoren te blijven gebruiken tijdens de renovatie of reorganisatie van uw werkruimten. De inrichting van een verdieping of kantoor moet immers stipt en op elk moment worden opgevolgd! Met Alternativ kan dat zonder enige stress! We stellen een projectmanager aan die u persoonlijk zal begeleiden bij elke stap \u2026<\/p>\n","protected":false},"author":7,"featured_media":33606,"parent":9806,"menu_order":63,"comment_status":"closed","ping_status":"closed","template":"template-service.php","meta":[],"acf":[],"yoast_head":"<!-- This site is optimized with the Yoast SEO Premium plugin v18.0 (Yoast SEO v18.1) - https:\/\/yoast.com\/wordpress\/plugins\/seo\/ -->\n<title>Renovatie - Alternativ r\u00e9novation nouveaux bureaux sur site occup\u00e9<\/title>\n<meta name=\"description\" content=\"Alternativ am\u00e9liorer le confort (lumi\u00e8re, acoustique), le design (architecture d\u2019int\u00e9rieur) ou encore l\u2019ergonomie de vos espaces de travail\" \/>\n<meta name=\"robots\" content=\"index, follow, max-snippet:-1, max-image-preview:large, max-video-preview:-1\" \/>\n<link rel=\"canonical\" href=\"https:\/\/www.alternativ.be\/nl\/diensten\/renovatie\/\" \/>\n<meta property=\"og:locale\" content=\"nl_NL\" \/>\n<meta property=\"og:type\" content=\"article\" \/>\n<meta property=\"og:title\" content=\"Renovatie\" \/>\n<meta property=\"og:description\" content=\"Alternativ am\u00e9liorer le confort (lumi\u00e8re, acoustique), le design (architecture d\u2019int\u00e9rieur) ou encore l\u2019ergonomie de vos espaces de travail\" \/>\n<meta property=\"og:url\" content=\"https:\/\/www.alternativ.be\/nl\/diensten\/renovatie\/\" \/>\n<meta property=\"og:site_name\" content=\"Alternativ\" \/>\n<meta property=\"article:publisher\" content=\"https:\/\/www.facebook.com\/alternativ.be\/\" \/>\n<meta property=\"article:modified_time\" content=\"2022-10-19T13:45:49+00:00\" \/>\n<meta property=\"og:image\" content=\"https:\/\/www.alternativ.be\/wp-content\/uploads\/2022\/08\/creativiteit-stimuleren.png\" \/>\n\t<meta property=\"og:image:width\" content=\"1200\" \/>\n\t<meta property=\"og:image:height\" content=\"650\" \/>\n\t<meta property=\"og:image:type\" content=\"image\/png\" \/>\n<meta name=\"twitter:card\" content=\"summary_large_image\" \/>\n<meta name=\"twitter:site\" content=\"@ALTERNATIV1050\" \/>\n<meta name=\"twitter:label1\" content=\"Geschatte leestijd\" \/>\n\t<meta name=\"twitter:data1\" content=\"2 minuten\" \/>\n<script type=\"application\/ld+json\" class=\"yoast-schema-graph\">{\"@context\":\"https:\/\/schema.org\",\"@graph\":[{\"@type\":\"Organization\",\"@id\":\"https:\/\/www.alternativ.be\/#organization\",\"name\":\"Alternativ\",\"url\":\"https:\/\/www.alternativ.be\/\",\"sameAs\":[\"https:\/\/www.facebook.com\/alternativ.be\/\",\"https:\/\/www.instagram.com\/alternativ.be\/\",\"https:\/\/www.linkedin.com\/company\/alternativ-furniture-solutions\/\",\"https:\/\/www.pinterest.fr\/alternativbxl\/\",\"https:\/\/twitter.com\/ALTERNATIV1050\"],\"logo\":{\"@type\":\"ImageObject\",\"@id\":\"https:\/\/www.alternativ.be\/#logo\",\"inLanguage\":\"nl\",\"url\":\"https:\/\/www.alternativ.be\/wp-content\/uploads\/2019\/05\/alternativ-logo-red.png\",\"contentUrl\":\"https:\/\/www.alternativ.be\/wp-content\/uploads\/2019\/05\/alternativ-logo-red.png\",\"width\":\"246\",\"height\":\"36\",\"caption\":\"Alternativ\"},\"image\":{\"@id\":\"https:\/\/www.alternativ.be\/#logo\"}},{\"@type\":\"WebSite\",\"@id\":\"https:\/\/www.alternativ.be\/#website\",\"url\":\"https:\/\/www.alternativ.be\/\",\"name\":\"Alternativ\",\"description\":\"Am\u00e9nagement et r\u00e9novation de bureau professionnel\",\"publisher\":{\"@id\":\"https:\/\/www.alternativ.be\/#organization\"},\"potentialAction\":[{\"@type\":\"SearchAction\",\"target\":{\"@type\":\"EntryPoint\",\"urlTemplate\":\"https:\/\/www.alternativ.be\/?s={search_term_string}\"},\"query-input\":\"required name=search_term_string\"}],\"inLanguage\":\"nl\"},{\"@type\":\"ImageObject\",\"@id\":\"https:\/\/www.alternativ.be\/nl\/diensten\/renovatie\/#primaryimage\",\"inLanguage\":\"nl\",\"url\":\"https:\/\/www.alternativ.be\/wp-content\/uploads\/2022\/08\/creativiteit-stimuleren.png\",\"contentUrl\":\"https:\/\/www.alternativ.be\/wp-content\/uploads\/2022\/08\/creativiteit-stimuleren.png\",\"width\":1200,\"height\":650,\"caption\":\"De creativiteit stimuleren met je kantoorinrichting\"},{\"@type\":\"WebPage\",\"@id\":\"https:\/\/www.alternativ.be\/nl\/diensten\/renovatie\/#webpage\",\"url\":\"https:\/\/www.alternativ.be\/nl\/diensten\/renovatie\/\",\"name\":\"Renovatie - Alternativ r\u00e9novation nouveaux bureaux sur site occup\u00e9\",\"isPartOf\":{\"@id\":\"https:\/\/www.alternativ.be\/#website\"},\"primaryImageOfPage\":{\"@id\":\"https:\/\/www.alternativ.be\/nl\/diensten\/renovatie\/#primaryimage\"},\"datePublished\":\"2019-03-27T14:41:59+00:00\",\"dateModified\":\"2022-10-19T13:45:49+00:00\",\"description\":\"Alternativ am\u00e9liorer le confort (lumi\u00e8re, acoustique), le design (architecture d\u2019int\u00e9rieur) ou encore l\u2019ergonomie de vos espaces de travail\",\"breadcrumb\":{\"@id\":\"https:\/\/www.alternativ.be\/nl\/diensten\/renovatie\/#breadcrumb\"},\"inLanguage\":\"nl\",\"potentialAction\":[{\"@type\":\"ReadAction\",\"target\":[\"https:\/\/www.alternativ.be\/nl\/diensten\/renovatie\/\"]}]},{\"@type\":\"BreadcrumbList\",\"@id\":\"https:\/\/www.alternativ.be\/nl\/diensten\/renovatie\/#breadcrumb\",\"itemListElement\":[{\"@type\":\"ListItem\",\"position\":1,\"name\":\"Home\",\"item\":\"https:\/\/www.alternativ.be\/nl\/\"},{\"@type\":\"ListItem\",\"position\":2,\"name\":\"Diensten_\",\"item\":\"https:\/\/www.alternativ.be\/nl\/diensten\/\"},{\"@type\":\"ListItem\",\"position\":3,\"name\":\"Renovatie\"}]}]}<\/script>\n<!-- \/ Yoast SEO Premium plugin. -->","yoast_head_json":{"title":"Renovatie - Alternativ r\u00e9novation nouveaux bureaux sur site occup\u00e9","description":"Alternativ am\u00e9liorer le confort (lumi\u00e8re, acoustique), le design (architecture d\u2019int\u00e9rieur) ou encore l\u2019ergonomie de vos espaces de travail","robots":{"index":"index","follow":"follow","max-snippet":"max-snippet:-1","max-image-preview":"max-image-preview:large","max-video-preview":"max-video-preview:-1"},"canonical":"https:\/\/www.alternativ.be\/nl\/diensten\/renovatie\/","og_locale":"nl_NL","og_type":"article","og_title":"Renovatie","og_description":"Alternativ am\u00e9liorer le confort (lumi\u00e8re, acoustique), le design (architecture d\u2019int\u00e9rieur) ou encore l\u2019ergonomie de vos espaces de travail","og_url":"https:\/\/www.alternativ.be\/nl\/diensten\/renovatie\/","og_site_name":"Alternativ","article_publisher":"https:\/\/www.facebook.com\/alternativ.be\/","article_modified_time":"2022-10-19T13:45:49+00:00","og_image":[{"width":1200,"height":650,"url":"https:\/\/www.alternativ.be\/wp-content\/uploads\/2022\/08\/creativiteit-stimuleren.png","type":"image\/png"}],"twitter_card":"summary_large_image","twitter_site":"@ALTERNATIV1050","twitter_misc":{"Geschatte leestijd":"2 minuten"},"schema":{"@context":"https:\/\/schema.org","@graph":[{"@type":"Organization","@id":"https:\/\/www.alternativ.be\/#organization","name":"Alternativ","url":"https:\/\/www.alternativ.be\/","sameAs":["https:\/\/www.facebook.com\/alternativ.be\/","https:\/\/www.instagram.com\/alternativ.be\/","https:\/\/www.linkedin.com\/company\/alternativ-furniture-solutions\/","https:\/\/www.pinterest.fr\/alternativbxl\/","https:\/\/twitter.com\/ALTERNATIV1050"],"logo":{"@type":"ImageObject","@id":"https:\/\/www.alternativ.be\/#logo","inLanguage":"nl","url":"https:\/\/www.alternativ.be\/wp-content\/uploads\/2019\/05\/alternativ-logo-red.png","contentUrl":"https:\/\/www.alternativ.be\/wp-content\/uploads\/2019\/05\/alternativ-logo-red.png","width":"246","height":"36","caption":"Alternativ"},"image":{"@id":"https:\/\/www.alternativ.be\/#logo"}},{"@type":"WebSite","@id":"https:\/\/www.alternativ.be\/#website","url":"https:\/\/www.alternativ.be\/","name":"Alternativ","description":"Am\u00e9nagement et r\u00e9novation de bureau professionnel","publisher":{"@id":"https:\/\/www.alternativ.be\/#organization"},"potentialAction":[{"@type":"SearchAction","target":{"@type":"EntryPoint","urlTemplate":"https:\/\/www.alternativ.be\/?s={search_term_string}"},"query-input":"required name=search_term_string"}],"inLanguage":"nl"},{"@type":"ImageObject","@id":"https:\/\/www.alternativ.be\/nl\/diensten\/renovatie\/#primaryimage","inLanguage":"nl","url":"https:\/\/www.alternativ.be\/wp-content\/uploads\/2022\/08\/creativiteit-stimuleren.png","contentUrl":"https:\/\/www.alternativ.be\/wp-content\/uploads\/2022\/08\/creativiteit-stimuleren.png","width":1200,"height":650,"caption":"De creativiteit stimuleren met je kantoorinrichting"},{"@type":"WebPage","@id":"https:\/\/www.alternativ.be\/nl\/diensten\/renovatie\/#webpage","url":"https:\/\/www.alternativ.be\/nl\/diensten\/renovatie\/","name":"Renovatie - Alternativ r\u00e9novation nouveaux bureaux sur site occup\u00e9","isPartOf":{"@id":"https:\/\/www.alternativ.be\/#website"},"primaryImageOfPage":{"@id":"https:\/\/www.alternativ.be\/nl\/diensten\/renovatie\/#primaryimage"},"datePublished":"2019-03-27T14:41:59+00:00","dateModified":"2022-10-19T13:45:49+00:00","description":"Alternativ am\u00e9liorer le confort (lumi\u00e8re, acoustique), le design (architecture d\u2019int\u00e9rieur) ou encore l\u2019ergonomie de vos espaces de travail","breadcrumb":{"@id":"https:\/\/www.alternativ.be\/nl\/diensten\/renovatie\/#breadcrumb"},"inLanguage":"nl","potentialAction":[{"@type":"ReadAction","target":["https:\/\/www.alternativ.be\/nl\/diensten\/renovatie\/"]}]},{"@type":"BreadcrumbList","@id":"https:\/\/www.alternativ.be\/nl\/diensten\/renovatie\/#breadcrumb","itemListElement":[{"@type":"ListItem","position":1,"name":"Home","item":"https:\/\/www.alternativ.be\/nl\/"},{"@type":"ListItem","position":2,"name":"Diensten_","item":"https:\/\/www.alternativ.be\/nl\/diensten\/"},{"@type":"ListItem","position":3,"name":"Renovatie"}]}]}},"_links":{"self":[{"href":"https:\/\/www.alternativ.be\/nl\/wp-json\/wp\/v2\/pages\/13471"}],"collection":[{"href":"https:\/\/www.alternativ.be\/nl\/wp-json\/wp\/v2\/pages"}],"about":[{"href":"https:\/\/www.alternativ.be\/nl\/wp-json\/wp\/v2\/types\/page"}],"author":[{"embeddable":true,"href":"https:\/\/www.alternativ.be\/nl\/wp-json\/wp\/v2\/users\/7"}],"replies":[{"embeddable":true,"href":"https:\/\/www.alternativ.be\/nl\/wp-json\/wp\/v2\/comments?post=13471"}],"version-history":[{"count":5,"href":"https:\/\/www.alternativ.be\/nl\/wp-json\/wp\/v2\/pages\/13471\/revisions"}],"predecessor-version":[{"id":33819,"href":"https:\/\/www.alternativ.be\/nl\/wp-json\/wp\/v2\/pages\/13471\/revisions\/33819"}],"up":[{"embeddable":true,"href":"https:\/\/www.alternativ.be\/nl\/wp-json\/wp\/v2\/pages\/9806"}],"wp:featuredmedia":[{"embeddable":true,"href":"https:\/\/www.alternativ.be\/nl\/wp-json\/wp\/v2\/media\/33606"}],"wp:attachment":[{"href":"https:\/\/www.alternativ.be\/nl\/wp-json\/wp\/v2\/media?parent=13471"}],"curies":[{"name":"wp","href":"https:\/\/api.w.org\/{rel}","templated":true}]}}