{"id":36096,"date":"2023-08-17T16:58:03","date_gmt":"2023-08-17T14:58:03","guid":{"rendered":"https:\/\/www.alternativ.be\/vision-magazine-2023\/"},"modified":"2024-08-06T15:30:39","modified_gmt":"2024-08-06T13:30:39","slug":"vision-magazine-2023","status":"publish","type":"page","link":"https:\/\/www.alternativ.be\/en\/vision-magazine-2023\/","title":{"rendered":"Vision magazine 2023"},"content":{"rendered":"\n\n\t<h1>\n\t\t\t\tMagazine VISION\n\t\t\t<\/h1>\n<h2>\n\t\tUne nouvelle approche de l&#8217;am\u00e9nag\u00e9ment de bureaux.\u00a0\n\t<\/h2>\n\t<p>Quelles \u00e9volutions connaissent les espaces de travail ? \u00c0 quels d\u00e9fis contemporains les bureaux doivent-ils r\u00e9pondre ? Quels sont les produits, marques et mati\u00e8res innovantes qui m\u00e9ritent toute notre attention ?<\/p>\n<p>D\u00e9couvrez les derni\u00e8res tendances en mati\u00e8re d&#8217;am\u00e9nagement de bureau, les strat\u00e9gies innovantes et les actualit\u00e9s les plus r\u00e9centes.<\/p>\n<p>L&#8217;\u00e9dition 2023 de notre magazine digital est d\u00e9sormais disponible. Inscrivez-vous pour recevoir votre exemplaire gratuit !<\/p>\n\t\t\t\t<img loading=\"lazy\" src=\"https:\/\/www.alternativ.be\/wp-content\/uploads\/2023\/08\/Design-sans-titre-32.png\" alt=\"Design sans titre (32)\" itemprop=\"image\" height=\"440\" width=\"640\" title=\"Design sans titre (32)\" onerror=\"this.style.display='none'\"  \/>\n\t[sibwp_form id=37]\n\n","protected":false},"excerpt":{"rendered":"<p>Magazine VISION Une nouvelle approche de l&#8217;am\u00e9nag\u00e9ment de bureaux.\u00a0 Quelles \u00e9volutions connaissent les espaces de travail ? \u00c0 quels d\u00e9fis contemporains les bureaux doivent-ils r\u00e9pondre ? Quels sont les produits, marques et mati\u00e8res innovantes qui m\u00e9ritent toute notre attention ? D\u00e9couvrez les derni\u00e8res tendances en mati\u00e8re d&#8217;am\u00e9nagement de bureau, les strat\u00e9gies innovantes et les actualit\u00e9s \u2026<\/p>\n","protected":false},"author":8,"featured_media":36079,"parent":0,"menu_order":29,"comment_status":"closed","ping_status":"closed","template":"template-beaverbuilder.php","meta":[],"acf":[],"yoast_head":"<!-- This site is optimized with the Yoast SEO Premium plugin v18.0 (Yoast SEO v18.1) - https:\/\/yoast.com\/wordpress\/plugins\/seo\/ -->\n<title>Une autre vision de l&#039;am\u00e9nagement de bureaux - Alternativ<\/title>\n<meta name=\"description\" content=\"\u00c0 quoi ressembleront les bureaux du future ? Comment concevoir les espaces de travail pour qu&#039;ils soient utilis\u00e9s de mani\u00e8re optimale ?\" \/>\n<meta name=\"robots\" content=\"index, follow, max-snippet:-1, max-image-preview:large, max-video-preview:-1\" \/>\n<link rel=\"canonical\" href=\"https:\/\/www.alternativ.be\/en\/vision-magazine-2023\/\" \/>\n<meta property=\"og:locale\" content=\"en_US\" \/>\n<meta property=\"og:type\" content=\"article\" \/>\n<meta property=\"og:title\" content=\"Vision magazine 2023\" \/>\n<meta property=\"og:description\" content=\"\u00c0 quoi ressembleront les bureaux du future ? Comment concevoir les espaces de travail pour qu&#039;ils soient utilis\u00e9s de mani\u00e8re optimale ?\" \/>\n<meta property=\"og:url\" content=\"https:\/\/www.alternativ.be\/en\/vision-magazine-2023\/\" \/>\n<meta property=\"og:site_name\" content=\"Alternativ\" \/>\n<meta property=\"article:publisher\" content=\"https:\/\/www.facebook.com\/alternativ.be\/\" \/>\n<meta property=\"article:modified_time\" content=\"2024-08-06T13:30:39+00:00\" \/>\n<meta property=\"og:image\" content=\"https:\/\/www.alternativ.be\/wp-content\/uploads\/2023\/08\/Design-sans-titre-29-1.png\" \/>\n\t<meta property=\"og:image:width\" content=\"640\" \/>\n\t<meta property=\"og:image:height\" content=\"440\" \/>\n\t<meta property=\"og:image:type\" content=\"image\/png\" \/>\n<meta name=\"twitter:card\" content=\"summary_large_image\" \/>\n<meta name=\"twitter:site\" content=\"@ALTERNATIV1050\" \/>\n<meta name=\"twitter:label1\" content=\"Est. reading time\" \/>\n\t<meta name=\"twitter:data1\" content=\"1 minute\" \/>\n<script type=\"application\/ld+json\" class=\"yoast-schema-graph\">{\"@context\":\"https:\/\/schema.org\",\"@graph\":[{\"@type\":\"Organization\",\"@id\":\"https:\/\/www.alternativ.be\/#organization\",\"name\":\"Alternativ\",\"url\":\"https:\/\/www.alternativ.be\/\",\"sameAs\":[\"https:\/\/www.facebook.com\/alternativ.be\/\",\"https:\/\/www.instagram.com\/alternativ.be\/\",\"https:\/\/www.linkedin.com\/company\/alternativ-furniture-solutions\/\",\"https:\/\/www.pinterest.fr\/alternativbxl\/\",\"https:\/\/twitter.com\/ALTERNATIV1050\"],\"logo\":{\"@type\":\"ImageObject\",\"@id\":\"https:\/\/www.alternativ.be\/#logo\",\"inLanguage\":\"en-US\",\"url\":\"https:\/\/www.alternativ.be\/wp-content\/uploads\/2019\/05\/alternativ-logo-red.png\",\"contentUrl\":\"https:\/\/www.alternativ.be\/wp-content\/uploads\/2019\/05\/alternativ-logo-red.png\",\"width\":\"246\",\"height\":\"36\",\"caption\":\"Alternativ\"},\"image\":{\"@id\":\"https:\/\/www.alternativ.be\/#logo\"}},{\"@type\":\"WebSite\",\"@id\":\"https:\/\/www.alternativ.be\/#website\",\"url\":\"https:\/\/www.alternativ.be\/\",\"name\":\"Alternativ\",\"description\":\"Am\u00e9nagement et r\u00e9novation de bureau professionnel\",\"publisher\":{\"@id\":\"https:\/\/www.alternativ.be\/#organization\"},\"potentialAction\":[{\"@type\":\"SearchAction\",\"target\":{\"@type\":\"EntryPoint\",\"urlTemplate\":\"https:\/\/www.alternativ.be\/?s={search_term_string}\"},\"query-input\":\"required name=search_term_string\"}],\"inLanguage\":\"en-US\"},{\"@type\":\"ImageObject\",\"@id\":\"https:\/\/www.alternativ.be\/en\/vision-magazine-2023\/#primaryimage\",\"inLanguage\":\"en-US\",\"url\":\"https:\/\/www.alternativ.be\/wp-content\/uploads\/2023\/08\/Design-sans-titre-29-1.png\",\"contentUrl\":\"https:\/\/www.alternativ.be\/wp-content\/uploads\/2023\/08\/Design-sans-titre-29-1.png\",\"width\":640,\"height\":440},{\"@type\":\"WebPage\",\"@id\":\"https:\/\/www.alternativ.be\/en\/vision-magazine-2023\/#webpage\",\"url\":\"https:\/\/www.alternativ.be\/en\/vision-magazine-2023\/\",\"name\":\"Une autre vision de l'am\u00e9nagement de bureaux - Alternativ\",\"isPartOf\":{\"@id\":\"https:\/\/www.alternativ.be\/#website\"},\"primaryImageOfPage\":{\"@id\":\"https:\/\/www.alternativ.be\/en\/vision-magazine-2023\/#primaryimage\"},\"datePublished\":\"2023-08-17T14:58:03+00:00\",\"dateModified\":\"2024-08-06T13:30:39+00:00\",\"description\":\"\u00c0 quoi ressembleront les bureaux du future ? Comment concevoir les espaces de travail pour qu'ils soient utilis\u00e9s de mani\u00e8re optimale ?\",\"breadcrumb\":{\"@id\":\"https:\/\/www.alternativ.be\/en\/vision-magazine-2023\/#breadcrumb\"},\"inLanguage\":\"en-US\",\"potentialAction\":[{\"@type\":\"ReadAction\",\"target\":[\"https:\/\/www.alternativ.be\/en\/vision-magazine-2023\/\"]}]},{\"@type\":\"BreadcrumbList\",\"@id\":\"https:\/\/www.alternativ.be\/en\/vision-magazine-2023\/#breadcrumb\",\"itemListElement\":[{\"@type\":\"ListItem\",\"position\":1,\"name\":\"Home\",\"item\":\"https:\/\/www.alternativ.be\/en\/\"},{\"@type\":\"ListItem\",\"position\":2,\"name\":\"Vision magazine 2023\"}]}]}<\/script>\n<!-- \/ Yoast SEO Premium plugin. -->","yoast_head_json":{"title":"Une autre vision de l'am\u00e9nagement de bureaux - Alternativ","description":"\u00c0 quoi ressembleront les bureaux du future ? Comment concevoir les espaces de travail pour qu'ils soient utilis\u00e9s de mani\u00e8re optimale ?","robots":{"index":"index","follow":"follow","max-snippet":"max-snippet:-1","max-image-preview":"max-image-preview:large","max-video-preview":"max-video-preview:-1"},"canonical":"https:\/\/www.alternativ.be\/en\/vision-magazine-2023\/","og_locale":"en_US","og_type":"article","og_title":"Vision magazine 2023","og_description":"\u00c0 quoi ressembleront les bureaux du future ? Comment concevoir les espaces de travail pour qu'ils soient utilis\u00e9s de mani\u00e8re optimale ?","og_url":"https:\/\/www.alternativ.be\/en\/vision-magazine-2023\/","og_site_name":"Alternativ","article_publisher":"https:\/\/www.facebook.com\/alternativ.be\/","article_modified_time":"2024-08-06T13:30:39+00:00","og_image":[{"width":640,"height":440,"url":"https:\/\/www.alternativ.be\/wp-content\/uploads\/2023\/08\/Design-sans-titre-29-1.png","type":"image\/png"}],"twitter_card":"summary_large_image","twitter_site":"@ALTERNATIV1050","twitter_misc":{"Est. reading time":"1 minute"},"schema":{"@context":"https:\/\/schema.org","@graph":[{"@type":"Organization","@id":"https:\/\/www.alternativ.be\/#organization","name":"Alternativ","url":"https:\/\/www.alternativ.be\/","sameAs":["https:\/\/www.facebook.com\/alternativ.be\/","https:\/\/www.instagram.com\/alternativ.be\/","https:\/\/www.linkedin.com\/company\/alternativ-furniture-solutions\/","https:\/\/www.pinterest.fr\/alternativbxl\/","https:\/\/twitter.com\/ALTERNATIV1050"],"logo":{"@type":"ImageObject","@id":"https:\/\/www.alternativ.be\/#logo","inLanguage":"en-US","url":"https:\/\/www.alternativ.be\/wp-content\/uploads\/2019\/05\/alternativ-logo-red.png","contentUrl":"https:\/\/www.alternativ.be\/wp-content\/uploads\/2019\/05\/alternativ-logo-red.png","width":"246","height":"36","caption":"Alternativ"},"image":{"@id":"https:\/\/www.alternativ.be\/#logo"}},{"@type":"WebSite","@id":"https:\/\/www.alternativ.be\/#website","url":"https:\/\/www.alternativ.be\/","name":"Alternativ","description":"Am\u00e9nagement et r\u00e9novation de bureau professionnel","publisher":{"@id":"https:\/\/www.alternativ.be\/#organization"},"potentialAction":[{"@type":"SearchAction","target":{"@type":"EntryPoint","urlTemplate":"https:\/\/www.alternativ.be\/?s={search_term_string}"},"query-input":"required name=search_term_string"}],"inLanguage":"en-US"},{"@type":"ImageObject","@id":"https:\/\/www.alternativ.be\/en\/vision-magazine-2023\/#primaryimage","inLanguage":"en-US","url":"https:\/\/www.alternativ.be\/wp-content\/uploads\/2023\/08\/Design-sans-titre-29-1.png","contentUrl":"https:\/\/www.alternativ.be\/wp-content\/uploads\/2023\/08\/Design-sans-titre-29-1.png","width":640,"height":440},{"@type":"WebPage","@id":"https:\/\/www.alternativ.be\/en\/vision-magazine-2023\/#webpage","url":"https:\/\/www.alternativ.be\/en\/vision-magazine-2023\/","name":"Une autre vision de l'am\u00e9nagement de bureaux - Alternativ","isPartOf":{"@id":"https:\/\/www.alternativ.be\/#website"},"primaryImageOfPage":{"@id":"https:\/\/www.alternativ.be\/en\/vision-magazine-2023\/#primaryimage"},"datePublished":"2023-08-17T14:58:03+00:00","dateModified":"2024-08-06T13:30:39+00:00","description":"\u00c0 quoi ressembleront les bureaux du future ? Comment concevoir les espaces de travail pour qu'ils soient utilis\u00e9s de mani\u00e8re optimale ?","breadcrumb":{"@id":"https:\/\/www.alternativ.be\/en\/vision-magazine-2023\/#breadcrumb"},"inLanguage":"en-US","potentialAction":[{"@type":"ReadAction","target":["https:\/\/www.alternativ.be\/en\/vision-magazine-2023\/"]}]},{"@type":"BreadcrumbList","@id":"https:\/\/www.alternativ.be\/en\/vision-magazine-2023\/#breadcrumb","itemListElement":[{"@type":"ListItem","position":1,"name":"Home","item":"https:\/\/www.alternativ.be\/en\/"},{"@type":"ListItem","position":2,"name":"Vision magazine 2023"}]}]}},"_links":{"self":[{"href":"https:\/\/www.alternativ.be\/en\/wp-json\/wp\/v2\/pages\/36096"}],"collection":[{"href":"https:\/\/www.alternativ.be\/en\/wp-json\/wp\/v2\/pages"}],"about":[{"href":"https:\/\/www.alternativ.be\/en\/wp-json\/wp\/v2\/types\/page"}],"author":[{"embeddable":true,"href":"https:\/\/www.alternativ.be\/en\/wp-json\/wp\/v2\/users\/8"}],"replies":[{"embeddable":true,"href":"https:\/\/www.alternativ.be\/en\/wp-json\/wp\/v2\/comments?post=36096"}],"version-history":[{"count":13,"href":"https:\/\/www.alternativ.be\/en\/wp-json\/wp\/v2\/pages\/36096\/revisions"}],"predecessor-version":[{"id":38166,"href":"https:\/\/www.alternativ.be\/en\/wp-json\/wp\/v2\/pages\/36096\/revisions\/38166"}],"wp:featuredmedia":[{"embeddable":true,"href":"https:\/\/www.alternativ.be\/en\/wp-json\/wp\/v2\/media\/36079"}],"wp:attachment":[{"href":"https:\/\/www.alternativ.be\/en\/wp-json\/wp\/v2\/media?parent=36096"}],"curies":[{"name":"wp","href":"https:\/\/api.w.org\/{rel}","templated":true}]}}