{"id":30001,"date":"2020-07-27T11:19:09","date_gmt":"2020-07-27T11:19:09","guid":{"rendered":"https:\/\/www.alternativ.be\/workhome\/"},"modified":"2020-10-07T13:15:56","modified_gmt":"2020-10-07T13:15:56","slug":"work-home","status":"publish","type":"page","link":"https:\/\/www.alternativ.be\/en\/work-home\/","title":{"rendered":"Work@home"},"content":{"rendered":"\n\t<h1><\/h1>\n<h1>More than 80% of employees have discovered a desire to work from home !<\/h1>\n<h1><\/h1>\n<h1>But 40% of those surveyed worked on their dining or living room table&#8230;<\/h1>\n<p>&nbsp;<\/p>\n<h1>Alternativ offers you a brand new solution: the <strong>Work@home<\/strong> !<\/h1>\n\t<meta itemprop=\"url\" content=\"https:\/\/www.alternativ.be\/wp-content\/uploads\/2020\/07\/Work@home-Video.m4v\" \/><div style=\"width: 640px;\" class=\"wp-video\"><!--[if lt IE 9]><script>document.createElement('video');<\/script><![endif]-->\n<video muted class=\"wp-video-shortcode\" id=\"video-30001-1\" width=\"640\" height=\"360\" loop=\"1\" autoplay=\"1\" preload=\"metadata\" controls=\"controls\"><source type=\"video\/mp4\" src=\"https:\/\/www.alternativ.be\/wp-content\/uploads\/2020\/07\/Work@home-Video.m4v?_=1\" \/><a href=\"https:\/\/www.alternativ.be\/wp-content\/uploads\/2020\/07\/Work@home-Video.m4v\">https:\/\/www.alternativ.be\/wp-content\/uploads\/2020\/07\/Work@home-Video.m4v<\/a><\/video><\/div>\n\t\t\t\t<img loading=\"lazy\" src=\"https:\/\/www.alternativ.be\/wp-content\/uploads\/2020\/07\/Work@home-9.jpg\" alt=\"Int\u00e9gration dans l'habitat r\u00e9sidentiel\" itemprop=\"image\" height=\"1080\" width=\"1920\" title=\"Work@home (9)\" onerror=\"this.style.display='none'\"  \/>\n\t<p>INTEGRATION INTO RESIDENTIAL HOUSING<\/p>\n\t\t\t\t<img loading=\"lazy\" src=\"https:\/\/www.alternativ.be\/wp-content\/uploads\/2020\/07\/Work@home-7.jpg\" alt=\"Espace libre\" itemprop=\"image\" height=\"1080\" width=\"1920\" title=\"Work@home (7)\" onerror=\"this.style.display='none'\"  \/>\n\t<p>FREE SPACE<\/p>\n\t\t\t\t<img loading=\"lazy\" src=\"https:\/\/www.alternativ.be\/wp-content\/uploads\/2020\/07\/Work@home-8.jpg\" alt=\"Espace de travail\" itemprop=\"image\" height=\"1080\" width=\"1920\" title=\"Work@home (8)\" onerror=\"this.style.display='none'\"  \/>\n\t<p>WORKSPACE<\/p>\n\t\t\t<h2>Like at home<\/h2>\t\t\t\n\t\t\t\t<p>Work@home supports the various activities done at home and simply fades away by integrating discreetly into the environment.\u00a0<\/p>\n\t\t\t<h2>At the office<\/h2>\t\t\t\n\t\t\t\t<p>Its look, functionality and the small ground area required make it easy to fit out coworking areas.<\/p>\n<p>Work@home can be easily integrated into the open spaces of companies of all sizes and can be used as a flex office or as an assigned workstation.<\/p>\n\t\t\t\t<img loading=\"lazy\" src=\"https:\/\/www.alternativ.be\/wp-content\/uploads\/2020\/07\/Work@home-10.jpg\" alt=\"Work@home (10)\" itemprop=\"image\" height=\"1080\" width=\"1920\" title=\"Work@home (10)\" onerror=\"this.style.display='none'\"  \/>\n\t\t\t\t<img loading=\"lazy\" src=\"https:\/\/www.alternativ.be\/wp-content\/uploads\/2020\/10\/Proam-Work@home-22-scaled.jpg\" alt=\"Proam Work@home (22)\" itemprop=\"image\" height=\"1703\" width=\"2560\" title=\"Proam Work@home (22)\" onerror=\"this.style.display='none'\"  \/>\n\t\t\t\t<img loading=\"lazy\" src=\"https:\/\/www.alternativ.be\/wp-content\/uploads\/2020\/10\/Proam-Work@home-24-scaled.jpg\" alt=\"Proam Work@home (24)\" itemprop=\"image\" height=\"1703\" width=\"2560\" title=\"Proam Work@home (24)\" onerror=\"this.style.display='none'\"  \/>\n\t\t\t\t<img loading=\"lazy\" src=\"https:\/\/www.alternativ.be\/wp-content\/uploads\/2020\/10\/Proam-Work@home-1-scaled.jpg\" alt=\"Proam Work@home (1)\" itemprop=\"image\" height=\"1707\" width=\"2560\" title=\"Proam Work@home (1)\" onerror=\"this.style.display='none'\"  \/>\n\t\t\t\t<img loading=\"lazy\" src=\"https:\/\/www.alternativ.be\/wp-content\/uploads\/2020\/07\/Work@home-3.jpg\" alt=\"Ouvert = Postes de travail\" itemprop=\"image\" height=\"1080\" width=\"1920\" title=\"Work@home (3)\" onerror=\"this.style.display='none'\"  \/>\n\t<p>OPEN = WORKSTATIONS<\/p>\n\t\t\t\t<img loading=\"lazy\" src=\"https:\/\/www.alternativ.be\/wp-content\/uploads\/2020\/07\/Work@home-11.jpg\" alt=\"Ferm\u00e9 = Espace lib\u00e9r\u00e9 pour d'autres activit\u00e9s\" itemprop=\"image\" height=\"1080\" width=\"1920\" title=\"Work@home (11)\" onerror=\"this.style.display='none'\"  \/>\n\t<p>CLOSED = SPACE AVAILABLE FOR OTHER ACTIVITIES<\/p>\n\t\t\t<h2>Tertiary space<\/h2>\t\t\t\n\t<p>At the center of the open or closed office space, Work@home integrates perfectly to offer punctual and flexible workstations close to standard ones.<\/p>\n<p>Work@home also allows the layout of small areas, offering several working postures for everyone, for isolated or collaborative work.<\/p>\n<p>Its small floor footprint meets the need for flexible and reconfigurable spaces.<\/p>\n<p>Reading some emails, chatting via video or working for several hours is possible with this multi-function solution.<\/p>\n\t\t\t<h2>Functionality<\/h2>\t\t\t\n\t<p>Work@home supports multiple uses in one place. Thought like a desk and designed from a cupboard, it opens and closes with one hand in five seconds.<\/p>\n<p>Cleverly guided by an articulated metal beam, it unfolds effortlessly and offers perfect stability.<\/p>\n\t\t\t<img src=\"https:\/\/www.alternativ.be\/wp-content\/uploads\/2020\/07\/Work@home-13.jpg\" alt=\"Work@home (13)\">\n\t\t\t\t\t\t\t<p>Magnetic attachment in closed position<\/p>\t\t\t\t\t\t\t\t\t\t\t\t\t\n\t\t\t\t\t\t\t<p>0.28 m\u00b2 of footprint<\/p>\t\t\t\t\t\t\t\t\t\t\t\t\t\n\t\t\t<img src=\"https:\/\/www.alternativ.be\/wp-content\/uploads\/2020\/07\/Work@home-14.jpg\" alt=\"Work@home (14)\">\n\t\t\t\t\t\t\t<p>Screen and keyboard can be stored in the cabinet<\/p>\t\t\t\t\t\t\t\t\t\t\t\t\t\n\t\t\t\t\t\t\t<p>Cable pass<\/p>\t\t\t\t\t\t\t\t\t\t\t\t\t\n\t\t\t\t\t\t\t<p>Articulated beam with shock absorbers<\/p>\t\t\t\t\t\t\t\t\t\t\t\t\t\n\t\t\t\t\t\t\t<p>Discrete casters<\/p>\t\t\t\t\t\t\t\t\t\t\t\t\t\n\t\t\t<img src=\"https:\/\/www.alternativ.be\/wp-content\/uploads\/2020\/07\/Work@home-12.jpg\" alt=\"Work@home (12)\">\n\t\t\t\t\t\t\t<p>Space for CPU, printer, or proximity storage system<\/p>\t\t\t\t\t\t\t\t\t\t\t\t\t\n\t\t\t\t\t\t\t<p>Proximity storage for accessories and decorative elements<\/p>\t\t\t\t\t\t\t\t\t\t\t\t\t\n\t\t<h2>\n\t\t We donate 10% of the amount of your order to the DigitalForYouth.be association !\n\t<\/h2>\n<p><a href=\"https:\/\/www.digitalforyouth.be\/\"><strong>DigitalForYouth.be<\/strong><\/a><strong> is a non-profit organisation that strives to offer all young people safe and smooth access to ICT. Through various calls and projects, DigitalForYouth.be supports schools and organisations that are committed to closing the digital gap in Belgium.<\/strong><\/p>\n<p>In the past few months, DigitalForYouth.be has been able to give laptops to more than 10,000 students in Belgium. As the needs remain high, DigitalForYouth.be wants to collect and prepare another 5,000 laptops in the coming weeks.<\/p>\n<p>Can we count on your support?<\/p>\n\t\t\t<a href=\"void(0)\" target=\"_self\" rel=\"noopener noreferrer\">\n\t\t\t\t\t\t\t\t\t\t\tMore information\n\t\t<\/a>\n\t\t\t<h2>Price<\/h2>\t\t\t\n\t<p>Prices are exclusive of VAT, delivery and assembly.<\/p>\n<p>Special conditions depending on quantities!<\/p>\n\t\t\t\t\t\t\t\t\t\tMelamines Category 1\t\t\t\t\t\t\t\t\t\n\t\t\t635 \u20ac\n\t\t\t635 \u20ac\n\t\t\t\t\t\t\t\t\t\tMelamines Category 2\t\t\t\t\t\t\t\t\t\n\t\t\t680 \u20ac\n\t\t\t680 \u20ac\n\t\t\t\t\t\t\t\t\t\tWork@home + Steelcase chair Series 1\t\t\t\t\t\t\t\t\t\n\t\t\t984 \u20ac\n\t\t\t\t\t\t\t\t<p>Office: Melamine Category 1\u00a0Chair: Black finish<\/p>\t\t\t\t\t\t\t\t\n\t\t\t984 \u20ac\n\t\t\t\t\t\t\t\t\t\tWork@home + Steelcase chair Series 1\t\t\t\t\t\t\t\t\t\n\t\t\t1029 \u20ac\n\t\t\t\t\t\t\t\t<p>Office: Melamine Category 2Chair: Black finish<\/p>\t\t\t\t\t\t\t\t\n\t\t\t1029 \u20ac\n\t\t\t<h2>Finishes<\/h2>\t\t\t\n\t<p>The Work@home is available in monochrome or bicolor version (different color tray and structure) in the 2 categories of melamine.<\/p>\n<p>Resistance to scratches, liquid stains and temperature changes.<\/p>\n\t\t\t\t<img loading=\"lazy\" src=\"https:\/\/www.alternativ.be\/wp-content\/uploads\/2020\/07\/Narbutas-M\u00e9lamine-2.jpg\" alt=\"D1 Ch\u00eane blanchi\" itemprop=\"image\" height=\"198\" width=\"409\" title=\"Narbutas M\u00e9lamine (2)\" onerror=\"this.style.display='none'\"  \/>\n\t\tD1 Ch\u00eane blanchi\n\t\t\t\t<img loading=\"lazy\" src=\"https:\/\/www.alternativ.be\/wp-content\/uploads\/2020\/07\/Narbutas-M\u00e9lamine-1.jpg\" alt=\"D2 Ch\u00eane ambr\u00e9\" itemprop=\"image\" height=\"241\" width=\"405\" title=\"Narbutas M\u00e9lamine (1)\" onerror=\"this.style.display='none'\"  \/>\n\t\tD2 Ch\u00eane ambr\u00e9\n\t\t\t\t<img loading=\"lazy\" src=\"https:\/\/www.alternativ.be\/wp-content\/uploads\/2020\/07\/Narbutas-M\u00e9lamine-3.jpg\" alt=\"M1 Blanc\" itemprop=\"image\" height=\"224\" width=\"353\" title=\"Narbutas M\u00e9lamine (3)\" onerror=\"this.style.display='none'\"  \/>\n\t\tM1 Blanc\n\t\t\t\t<img loading=\"lazy\" src=\"https:\/\/www.alternativ.be\/wp-content\/uploads\/2020\/07\/Narbutas-M\u00e9lamine-4.jpg\" alt=\"N3 Gris perle\" itemprop=\"image\" height=\"235\" width=\"402\" title=\"Narbutas M\u00e9lamine (4)\" onerror=\"this.style.display='none'\"  \/>\n\t\tN3 Gris perle\n\t\t\t\t<img loading=\"lazy\" src=\"https:\/\/www.alternativ.be\/wp-content\/uploads\/2020\/07\/Narbutas-M\u00e9lamine-8.jpg\" alt=\"D3 Fr\u00eane sabl\u00e9\" itemprop=\"image\" height=\"248\" width=\"387\" title=\"Narbutas M\u00e9lamine (8)\" onerror=\"this.style.display='none'\"  \/>\n\t\tD3 Fr\u00eane sabl\u00e9\n\t\t\t\t<img loading=\"lazy\" src=\"https:\/\/www.alternativ.be\/wp-content\/uploads\/2020\/07\/Narbutas-M\u00e9lamine-7.jpg\" alt=\"D4 Noyer fonc\u00e9\" itemprop=\"image\" height=\"257\" width=\"390\" title=\"Narbutas M\u00e9lamine (7)\" onerror=\"this.style.display='none'\"  \/>\n\t\tD4 Noyer fonc\u00e9\n\t\t\t\t<img loading=\"lazy\" src=\"https:\/\/www.alternativ.be\/wp-content\/uploads\/2020\/07\/Narbutas-M\u00e9lamine-6.jpg\" alt=\"D3 Gris bois\" itemprop=\"image\" height=\"251\" width=\"389\" title=\"Narbutas M\u00e9lamine (6)\" onerror=\"this.style.display='none'\"  \/>\n\t\tD3 Gris bois\n\t\t\t\t<img loading=\"lazy\" src=\"https:\/\/www.alternativ.be\/wp-content\/uploads\/2020\/07\/Narbutas-M\u00e9lamine-5.jpg\" alt=\"N2 Gris cubanite\" itemprop=\"image\" height=\"243\" width=\"359\" title=\"Narbutas M\u00e9lamine (5)\" onerror=\"this.style.display='none'\"  \/>\n\t\tN2 Gris cubanite\n\t\t\t\t<img loading=\"lazy\" src=\"https:\/\/www.alternativ.be\/wp-content\/uploads\/2020\/07\/Steelcase-Series-1-2-e1596116485738.png\" alt=\"Image for illustrative purposes only, not the right color\" itemprop=\"image\" height=\"1707\" width=\"1280\" title=\"Steelcase Series 1 (2)\" onerror=\"this.style.display='none'\"  \/>\n\t\tImage for illustrative purposes only, not the right color\n\t\t\t\t<img loading=\"lazy\" src=\"https:\/\/www.alternativ.be\/wp-content\/uploads\/2020\/07\/Steelcase-Series-1-1-e1596116563627.png\" alt=\"Image for illustrative purposes only, not the right color\" itemprop=\"image\" height=\"1707\" width=\"1280\" title=\"Steelcase Series 1 (1)\" onerror=\"this.style.display='none'\"  \/>\n\t\tImage for illustrative purposes only, not the right color\n\t\t\t<h3>We offer the Aliz\u00e9e By Alternativ lamp for all Work@home with the Series 1 orders!<\/h3>\n\t\t\t<p><img loading=\"lazy\" src=\"https:\/\/www.alternativ.be\/wp-content\/uploads\/2020\/07\/Alternativ-Aliz\u00e9e-Lamp-287x400.jpg\" alt=\"\" width=\"287\" height=\"400\" \/><\/p>\n\t\t\t<a href=\"void(0)\" target=\"_self\" rel=\"noopener noreferrer\">\n\t\t\t\t\t\t\t\t\t\t\tEnjoy our exclusive offer\n\t\t<\/a>\n\t\t<h3>The genesis of Work@home<\/h3>\t\t\n\t\t\t<p><strong><em>&#8221; The role of the object is vital, constructing the forms of Work@home was interesting in the sense of interpreting everyday life situations. &#8220;<\/em><\/strong><\/p>\n<p>Coming from the Beaux-Arts, essentialist rather than minimalist, Alain creates objects that silently espouse their environment.<\/p>\n\t\t\t\t<img src=\"https:\/\/www.alternativ.be\/wp-content\/uploads\/2020\/07\/Work@home-Alain-Wajda-scaled.jpg\" alt=\"Work@home Alain Wajda\" itemprop=\"image\" title=\"Work@home Alain Wajda\" onerror=\"this.style.display='none'\"  \/>\n\t<p>Alain WAJDA <\/p>\n<p>Designer<\/p>\n\t\t\t\t<img loading=\"lazy\" src=\"https:\/\/www.alternativ.be\/wp-content\/uploads\/2019\/04\/WORKLIFE-ALTERNATIV-BRUSSELS-73.jpg\" alt=\"WORKLIFE ALTERNATIV BRUSSELS (73)\" itemprop=\"image\" height=\"1536\" width=\"2048\" title=\"WORKLIFE ALTERNATIV BRUSSELS (73)\" onerror=\"this.style.display='none'\"  \/>\n<h1>\n\t\tFAQ\n\t<\/h1>\n\t\t\t<a href=\"#\" id=\"fl-accordion--label-0\" tabindex=\"0\" aria-controls=\"fl-accordion--panel-0\">What are the dimensions of the Work@home?<\/a>\n\t\t\t\t\t\t\t<a href=\"#\" id=\"fl-accordion--icon-0\" tabindex=\"0\" aria-controls=\"fl-accordion--panel-0\"><i>Expand<\/i><\/a>\n\t\t<p><img loading=\"lazy\" src=\"https:\/\/www.alternativ.be\/wp-content\/uploads\/2020\/07\/Work@home-Dimensions-1-221x400.png\" alt=\"\" width=\"171\" height=\"310\" \/>\u00a0 \u00a0 \u00a0 \u00a0 \u00a0<img loading=\"lazy\" src=\"https:\/\/www.alternativ.be\/wp-content\/uploads\/2020\/07\/Work@home-Dimensions-2-351x400.png\" alt=\"\" width=\"267\" height=\"304\" \/>\u00a0 \u00a0 \u00a0 \u00a0<img loading=\"lazy\" src=\"https:\/\/www.alternativ.be\/wp-content\/uploads\/2020\/07\/Work@home-Dimensions-3-222x400.png\" alt=\"\" width=\"168\" height=\"303\" \/><img loading=\"lazy\" src=\"https:\/\/www.alternativ.be\/wp-content\/uploads\/2020\/08\/Work@home-Dimensions-4-600x355.jpg\" alt=\"\" width=\"600\" height=\"355\" \/><\/p>\n\t\t\t<a href=\"#\" id=\"fl-accordion--label-1\" tabindex=\"0\" aria-controls=\"fl-accordion--panel-1\">Are there options possible?<\/a>\n\t\t\t\t\t\t\t<a href=\"#\" id=\"fl-accordion--icon-1\" tabindex=\"0\" aria-controls=\"fl-accordion--panel-1\"><i>Expand<\/i><\/a>\n\t\t<p>Yes, we can supply a Bachmann power supply box (2 PC. + 2 USB)<\/p>\n<p><img loading=\"lazy\" src=\"https:\/\/www.alternativ.be\/wp-content\/uploads\/2020\/07\/Work@home-Bachmann-533x400.jpg\" alt=\"\" width=\"257\" height=\"193\" \/><\/p>\n<p>And a VESA-compatible articulated screen support arm.<\/p>\n<p><img loading=\"lazy\" src=\"https:\/\/www.alternativ.be\/wp-content\/uploads\/2020\/07\/Work@home-Support-\u00e9cran-533x400.jpg\" alt=\"\" width=\"255\" height=\"191\" \/><\/p>\n\t<p>Any other questions? <a href=\"https:\/\/www.alternativ.be\/en\/contact\/\">Please contact us!<\/a><\/p>\n","protected":false},"excerpt":{"rendered":"<p>More than 80% of employees have discovered a desire to work from home ! But 40% of those surveyed worked on their dining or living room table&#8230; &nbsp; Alternativ offers you a brand new solution: the Work@home ! INTEGRATION INTO RESIDENTIAL HOUSING FREE SPACE WORKSPACE Like at home Work@home supports the various activities done at \u2026<\/p>\n","protected":false},"author":3,"featured_media":29691,"parent":0,"menu_order":115,"comment_status":"closed","ping_status":"closed","template":"template-beaverbuilder.php","meta":[],"acf":[],"yoast_head":"<!-- This site is optimized with the Yoast SEO Premium plugin v18.0 (Yoast SEO v18.1) - https:\/\/yoast.com\/wordpress\/plugins\/seo\/ -->\n<title>Work@home, the compact, flexible and clever desk - Alternativ<\/title>\n<meta name=\"description\" content=\"Thought like a desk and designed from a cupboard, Work@home opens and closes with one hand in five seconds. For offices, coworkings, at home,...\" \/>\n<meta name=\"robots\" content=\"index, follow, max-snippet:-1, max-image-preview:large, max-video-preview:-1\" \/>\n<link rel=\"canonical\" href=\"https:\/\/www.alternativ.be\/en\/work-home\/\" \/>\n<meta property=\"og:locale\" content=\"en_US\" \/>\n<meta property=\"og:type\" content=\"article\" \/>\n<meta property=\"og:title\" content=\"Work@home\" \/>\n<meta property=\"og:description\" content=\"Thought like a desk and designed from a cupboard, Work@home opens and closes with one hand in five seconds. For offices, coworkings, at home,...\" \/>\n<meta property=\"og:url\" content=\"https:\/\/www.alternativ.be\/en\/work-home\/\" \/>\n<meta property=\"og:site_name\" content=\"Alternativ\" \/>\n<meta property=\"article:publisher\" content=\"https:\/\/www.facebook.com\/alternativ.be\/\" \/>\n<meta property=\"article:modified_time\" content=\"2020-10-07T13:15:56+00:00\" \/>\n<meta property=\"og:image\" content=\"https:\/\/www.alternativ.be\/wp-content\/uploads\/2020\/07\/Work@home.jpg\" \/>\n\t<meta property=\"og:image:width\" content=\"866\" \/>\n\t<meta property=\"og:image:height\" content=\"1129\" \/>\n\t<meta property=\"og:image:type\" content=\"image\/jpeg\" \/>\n<meta name=\"twitter:card\" content=\"summary_large_image\" \/>\n<meta name=\"twitter:site\" content=\"@ALTERNATIV1050\" \/>\n<meta name=\"twitter:label1\" content=\"Est. reading time\" \/>\n\t<meta name=\"twitter:data1\" content=\"3 minutes\" \/>\n<script type=\"application\/ld+json\" class=\"yoast-schema-graph\">{\"@context\":\"https:\/\/schema.org\",\"@graph\":[{\"@type\":\"Organization\",\"@id\":\"https:\/\/www.alternativ.be\/#organization\",\"name\":\"Alternativ\",\"url\":\"https:\/\/www.alternativ.be\/\",\"sameAs\":[\"https:\/\/www.facebook.com\/alternativ.be\/\",\"https:\/\/www.instagram.com\/alternativ.be\/\",\"https:\/\/www.linkedin.com\/company\/alternativ-furniture-solutions\/\",\"https:\/\/www.pinterest.fr\/alternativbxl\/\",\"https:\/\/twitter.com\/ALTERNATIV1050\"],\"logo\":{\"@type\":\"ImageObject\",\"@id\":\"https:\/\/www.alternativ.be\/#logo\",\"inLanguage\":\"en-US\",\"url\":\"https:\/\/www.alternativ.be\/wp-content\/uploads\/2019\/05\/alternativ-logo-red.png\",\"contentUrl\":\"https:\/\/www.alternativ.be\/wp-content\/uploads\/2019\/05\/alternativ-logo-red.png\",\"width\":\"246\",\"height\":\"36\",\"caption\":\"Alternativ\"},\"image\":{\"@id\":\"https:\/\/www.alternativ.be\/#logo\"}},{\"@type\":\"WebSite\",\"@id\":\"https:\/\/www.alternativ.be\/#website\",\"url\":\"https:\/\/www.alternativ.be\/\",\"name\":\"Alternativ\",\"description\":\"Am\u00e9nagement et r\u00e9novation de bureau professionnel\",\"publisher\":{\"@id\":\"https:\/\/www.alternativ.be\/#organization\"},\"potentialAction\":[{\"@type\":\"SearchAction\",\"target\":{\"@type\":\"EntryPoint\",\"urlTemplate\":\"https:\/\/www.alternativ.be\/?s={search_term_string}\"},\"query-input\":\"required name=search_term_string\"}],\"inLanguage\":\"en-US\"},{\"@type\":\"ImageObject\",\"@id\":\"https:\/\/www.alternativ.be\/en\/work-home\/#primaryimage\",\"inLanguage\":\"en-US\",\"url\":\"https:\/\/www.alternativ.be\/wp-content\/uploads\/2020\/07\/Work@home.jpg\",\"contentUrl\":\"https:\/\/www.alternativ.be\/wp-content\/uploads\/2020\/07\/Work@home.jpg\",\"width\":866,\"height\":1129},{\"@type\":\"WebPage\",\"@id\":\"https:\/\/www.alternativ.be\/en\/work-home\/#webpage\",\"url\":\"https:\/\/www.alternativ.be\/en\/work-home\/\",\"name\":\"Work@home, the compact, flexible and clever desk - Alternativ\",\"isPartOf\":{\"@id\":\"https:\/\/www.alternativ.be\/#website\"},\"primaryImageOfPage\":{\"@id\":\"https:\/\/www.alternativ.be\/en\/work-home\/#primaryimage\"},\"datePublished\":\"2020-07-27T11:19:09+00:00\",\"dateModified\":\"2020-10-07T13:15:56+00:00\",\"description\":\"Thought like a desk and designed from a cupboard, Work@home opens and closes with one hand in five seconds. For offices, coworkings, at home,...\",\"breadcrumb\":{\"@id\":\"https:\/\/www.alternativ.be\/en\/work-home\/#breadcrumb\"},\"inLanguage\":\"en-US\",\"potentialAction\":[{\"@type\":\"ReadAction\",\"target\":[\"https:\/\/www.alternativ.be\/en\/work-home\/\"]}]},{\"@type\":\"BreadcrumbList\",\"@id\":\"https:\/\/www.alternativ.be\/en\/work-home\/#breadcrumb\",\"itemListElement\":[{\"@type\":\"ListItem\",\"position\":1,\"name\":\"Home\",\"item\":\"https:\/\/www.alternativ.be\/en\/\"},{\"@type\":\"ListItem\",\"position\":2,\"name\":\"Work@home\"}]}]}<\/script>\n<!-- \/ Yoast SEO Premium plugin. -->","yoast_head_json":{"title":"Work@home, the compact, flexible and clever desk - Alternativ","description":"Thought like a desk and designed from a cupboard, Work@home opens and closes with one hand in five seconds. For offices, coworkings, at home,...","robots":{"index":"index","follow":"follow","max-snippet":"max-snippet:-1","max-image-preview":"max-image-preview:large","max-video-preview":"max-video-preview:-1"},"canonical":"https:\/\/www.alternativ.be\/en\/work-home\/","og_locale":"en_US","og_type":"article","og_title":"Work@home","og_description":"Thought like a desk and designed from a cupboard, Work@home opens and closes with one hand in five seconds. For offices, coworkings, at home,...","og_url":"https:\/\/www.alternativ.be\/en\/work-home\/","og_site_name":"Alternativ","article_publisher":"https:\/\/www.facebook.com\/alternativ.be\/","article_modified_time":"2020-10-07T13:15:56+00:00","og_image":[{"width":866,"height":1129,"url":"https:\/\/www.alternativ.be\/wp-content\/uploads\/2020\/07\/Work@home.jpg","type":"image\/jpeg"}],"twitter_card":"summary_large_image","twitter_site":"@ALTERNATIV1050","twitter_misc":{"Est. reading time":"3 minutes"},"schema":{"@context":"https:\/\/schema.org","@graph":[{"@type":"Organization","@id":"https:\/\/www.alternativ.be\/#organization","name":"Alternativ","url":"https:\/\/www.alternativ.be\/","sameAs":["https:\/\/www.facebook.com\/alternativ.be\/","https:\/\/www.instagram.com\/alternativ.be\/","https:\/\/www.linkedin.com\/company\/alternativ-furniture-solutions\/","https:\/\/www.pinterest.fr\/alternativbxl\/","https:\/\/twitter.com\/ALTERNATIV1050"],"logo":{"@type":"ImageObject","@id":"https:\/\/www.alternativ.be\/#logo","inLanguage":"en-US","url":"https:\/\/www.alternativ.be\/wp-content\/uploads\/2019\/05\/alternativ-logo-red.png","contentUrl":"https:\/\/www.alternativ.be\/wp-content\/uploads\/2019\/05\/alternativ-logo-red.png","width":"246","height":"36","caption":"Alternativ"},"image":{"@id":"https:\/\/www.alternativ.be\/#logo"}},{"@type":"WebSite","@id":"https:\/\/www.alternativ.be\/#website","url":"https:\/\/www.alternativ.be\/","name":"Alternativ","description":"Am\u00e9nagement et r\u00e9novation de bureau professionnel","publisher":{"@id":"https:\/\/www.alternativ.be\/#organization"},"potentialAction":[{"@type":"SearchAction","target":{"@type":"EntryPoint","urlTemplate":"https:\/\/www.alternativ.be\/?s={search_term_string}"},"query-input":"required name=search_term_string"}],"inLanguage":"en-US"},{"@type":"ImageObject","@id":"https:\/\/www.alternativ.be\/en\/work-home\/#primaryimage","inLanguage":"en-US","url":"https:\/\/www.alternativ.be\/wp-content\/uploads\/2020\/07\/Work@home.jpg","contentUrl":"https:\/\/www.alternativ.be\/wp-content\/uploads\/2020\/07\/Work@home.jpg","width":866,"height":1129},{"@type":"WebPage","@id":"https:\/\/www.alternativ.be\/en\/work-home\/#webpage","url":"https:\/\/www.alternativ.be\/en\/work-home\/","name":"Work@home, the compact, flexible and clever desk - Alternativ","isPartOf":{"@id":"https:\/\/www.alternativ.be\/#website"},"primaryImageOfPage":{"@id":"https:\/\/www.alternativ.be\/en\/work-home\/#primaryimage"},"datePublished":"2020-07-27T11:19:09+00:00","dateModified":"2020-10-07T13:15:56+00:00","description":"Thought like a desk and designed from a cupboard, Work@home opens and closes with one hand in five seconds. For offices, coworkings, at home,...","breadcrumb":{"@id":"https:\/\/www.alternativ.be\/en\/work-home\/#breadcrumb"},"inLanguage":"en-US","potentialAction":[{"@type":"ReadAction","target":["https:\/\/www.alternativ.be\/en\/work-home\/"]}]},{"@type":"BreadcrumbList","@id":"https:\/\/www.alternativ.be\/en\/work-home\/#breadcrumb","itemListElement":[{"@type":"ListItem","position":1,"name":"Home","item":"https:\/\/www.alternativ.be\/en\/"},{"@type":"ListItem","position":2,"name":"Work@home"}]}]}},"_links":{"self":[{"href":"https:\/\/www.alternativ.be\/en\/wp-json\/wp\/v2\/pages\/30001"}],"collection":[{"href":"https:\/\/www.alternativ.be\/en\/wp-json\/wp\/v2\/pages"}],"about":[{"href":"https:\/\/www.alternativ.be\/en\/wp-json\/wp\/v2\/types\/page"}],"author":[{"embeddable":true,"href":"https:\/\/www.alternativ.be\/en\/wp-json\/wp\/v2\/users\/3"}],"replies":[{"embeddable":true,"href":"https:\/\/www.alternativ.be\/en\/wp-json\/wp\/v2\/comments?post=30001"}],"version-history":[{"count":10,"href":"https:\/\/www.alternativ.be\/en\/wp-json\/wp\/v2\/pages\/30001\/revisions"}],"predecessor-version":[{"id":34750,"href":"https:\/\/www.alternativ.be\/en\/wp-json\/wp\/v2\/pages\/30001\/revisions\/34750"}],"wp:featuredmedia":[{"embeddable":true,"href":"https:\/\/www.alternativ.be\/en\/wp-json\/wp\/v2\/media\/29691"}],"wp:attachment":[{"href":"https:\/\/www.alternativ.be\/en\/wp-json\/wp\/v2\/media?parent=30001"}],"curies":[{"name":"wp","href":"https:\/\/api.w.org\/{rel}","templated":true}]}}