{"id":23983,"date":"2019-10-07T11:17:54","date_gmt":"2019-10-07T11:17:54","guid":{"rendered":"https:\/\/www.alternativ.be\/fournisseur-steelcase\/"},"modified":"2020-01-28T15:23:34","modified_gmt":"2020-01-28T15:23:34","slug":"supplier-steelcase","status":"publish","type":"page","link":"https:\/\/www.alternativ.be\/en\/seo\/supplier-steelcase\/","title":{"rendered":"Supplier Steelcase"},"content":{"rendered":"\n\t\t<h1>Looking for a STEELCASE supplier in Belgium?<\/h1>\t\t\t\n\t\t\t\t<p>Desk, height adjustable bench, office chair, lounge system, meeting table, sofa,&#8230; We will meet all your needs!<\/p>\n<p><strong>Alternativ Workspace Solutions<\/strong> is the <strong>official Belgian partner<\/strong> of <strong>Steelcase<\/strong>. And we are very proud to have been named <strong>Steelcase Platinum Partner 2019<\/strong>, the award of excellence for Steelcase dealers.<\/p>\n\u00a0\n\u00a0\n\t\t\t<a href=\"https:\/\/www.alternativ.be\/en\/brands\/steelcase-en\/\" target=\"_blank\" rel=\"noopener noreferrer\" role=\"button\">\n\t\t\t\t\t\t\tAll Steelcase products\n\t\t<\/a>\n<h2>\n\t\tDiscover some Steelcase products_\n\t<\/h2>\n\t<ul>\n\t\t<li><a href=\"https:\/\/www.alternativ.be\/en\/produit\/frameone\/\" target=\"_self\" rel=\"noopener noreferrer\"><\/a>\t\t\n\t\t\t\t<img src=\"https:\/\/www.alternativ.be\/wp-content\/uploads\/bb-plugin\/cache\/Alternativ-Steelcase-FrameOne-22-square.png\" alt=\"Steelcase FrameOne (22)\" title=\"Steelcase FrameOne (22)\" itemprop=\"image\"\/>\n\t\t<h5>FrameOne<\/h5 ><p>Desk<\/p><\/li><li><a href=\"https:\/\/www.alternativ.be\/en\/produit\/umami\/\" target=\"_self\" rel=\"noopener noreferrer\"><\/a>\t\t\n\t\t\t\t<img src=\"https:\/\/www.alternativ.be\/wp-content\/uploads\/bb-plugin\/cache\/Alternativ-Steelcase-Umami-11-square.png\" alt=\"Les canap\u00e9s, tables et \u00e9crans Umami offrent une vari\u00e9t\u00e9 infinie de configurations, de dimensions et d'options de mat\u00e9riaux. Son design flexible et moderne peut \u00eatre utilis\u00e9 pour cr\u00e9er des espaces uniques pour les entreprises et les individus qui y travaillent.\" title=\"Steelcase Umami (11) - LINC\" itemprop=\"image\"\/>\n\t\t<h5>Umami<\/h5 ><p>Lounge system<\/p><\/li><li><a href=\"https:\/\/www.alternativ.be\/en\/produit\/mediascape\/\" target=\"_self\" rel=\"noopener noreferrer\"><\/a>\t\t\n\t\t\t\t<img src=\"https:\/\/www.alternativ.be\/wp-content\/uploads\/bb-plugin\/cache\/Alternativ-Steelcase-mediascape-6-square.jpg\" alt=\"Steelcase mediascape (6)\" title=\"Steelcase mediascape (6)\" itemprop=\"image\"\/>\n\t\t<h5>Media:Scape<\/h5 ><p>Collaboration &amp; Technology furniture<\/p><\/li>\t<\/ul>\n\t<ul>\n\t\t<li><a href=\"https:\/\/www.alternativ.be\/en\/produit\/bivi\/\" target=\"_blank\" rel=\"noopener noreferrer\"><\/a>\t\t\n\t\t\t\t<img src=\"https:\/\/www.alternativ.be\/wp-content\/uploads\/bb-plugin\/cache\/Alternativ-Steelcase-Bivi-1-square.png\" alt=\"Steelcase Bivi (1)\" title=\"Steelcase Bivi (1)\" itemprop=\"image\"\/>\n\t\t<h5>Bivi<\/h5 ><p>Bench<\/p><\/li><li><a href=\"https:\/\/www.alternativ.be\/en\/produit\/share-it-collection\/\" target=\"_self\" rel=\"noopener noreferrer\"><\/a>\t\t\n\t\t\t\t<img src=\"https:\/\/www.alternativ.be\/wp-content\/uploads\/bb-plugin\/cache\/Steelcase-Share-It-Collection-39-square.png\" alt=\"Steelcase Share It Collection (39)\" title=\"Steelcase Share It Collection (39)\" itemprop=\"image\"\/>\n\t\t<h5>Share It Collection<\/h5 ><p>Desk &amp; Storage<\/p><\/li><li><a href=\"https:\/\/www.alternativ.be\/en\/produit\/qivi\/\" target=\"_blank\" rel=\"noopener noreferrer\"><\/a>\t\t\n\t\t\t\t<img src=\"https:\/\/www.alternativ.be\/wp-content\/uploads\/bb-plugin\/cache\/Steelcase-QiVi-5-square.png\" alt=\"Steelcase QiVi (5)\" title=\"Steelcase QiVi (5)\" itemprop=\"image\"\/>\n\t\t<h5>QiVi<\/h5 ><p>Collaborative chair<\/p><\/li>\t<\/ul>\n<h2>\n\t\t<a href=\"https:\/\/www.alternativ.be\/produits\/\" title=\"We also work with other partners such as_\" target=\"_self\" rel=\"noopener noreferrer\">\n\t\tWe also work with other partners such as_\n\t\t<\/a>\n\t<\/h2>\n\t\t\t<img src=\"https:\/\/www.alternativ.be\/wp-content\/uploads\/2019\/04\/bolia-alternativ-steelacase-18.jpeg\" alt=\"\" \/><a href=\"https:\/\/www.alternativ.be\/en\/brands\/bolia-en\/\" target=\"_blank\" aria-label=\"Bolia\" rel=\"noopener noreferrer\"><\/a>\t\t\t\n\t\t\t\t<h2>Bolia<\/h2>\t\t\t\n\t\t\t<img src=\"https:\/\/www.alternativ.be\/wp-content\/uploads\/2019\/06\/Coalesse-Potrero415-12.jpg\" alt=\"\" \/><a href=\"https:\/\/www.alternativ.be\/en\/brands\/coalesse-en\/\" target=\"_blank\" aria-label=\"Coalesse\" rel=\"noopener noreferrer\"><\/a>\t\t\t\n\t\t\t\t<h2>Coalesse<\/h2>\t\t\t\n\t\t\t<img src=\"https:\/\/www.alternativ.be\/wp-content\/uploads\/2019\/05\/Framery-Q-6-1.jpg\" alt=\"\" \/><a href=\"https:\/\/www.alternativ.be\/en\/brands\/framery-en\/\" target=\"_self\" aria-label=\"Framery\" rel=\"noopener noreferrer\"><\/a>\t\t\t\n\t\t\t\t<h2>Framery<\/h2>\t\t\t\n\t\t\t<img src=\"https:\/\/www.alternativ.be\/wp-content\/uploads\/2019\/06\/Extremis-Hopper-14.jpg\" alt=\"\" \/><a href=\"https:\/\/www.alternativ.be\/en\/brands\/extremis-en\/\" target=\"_self\" aria-label=\"Extremis\" rel=\"noopener noreferrer\"><\/a>\t\t\t\n\t\t\t\t<h2>Extremis<\/h2>\t\t\t\n\t\t\t<img src=\"https:\/\/www.alternativ.be\/wp-content\/uploads\/2019\/07\/Fritz-Hansen-Essay-10.jpg\" alt=\"\" \/><a href=\"https:\/\/www.alternativ.be\/en\/brands\/fritz-hansen-en\/\" target=\"_blank\" aria-label=\"Fritz Hansen\" rel=\"noopener noreferrer\"><\/a>\t\t\t\n\t\t\t\t<h2>Fritz Hansen<\/h2>\t\t\t\n\t\t\t<img src=\"https:\/\/www.alternativ.be\/wp-content\/uploads\/2019\/07\/Vibia-45\u00b0-1-e1564582512589.jpg\" alt=\"\" \/><a href=\"https:\/\/www.alternativ.be\/en\/brands\/vibia-en\/\" target=\"_self\" aria-label=\"Vibia\" rel=\"noopener noreferrer\"><\/a>\t\t\t\n\t\t\t\t<h2>Vibia<\/h2>\t\t\t\n\t\t\t<img src=\"https:\/\/www.alternativ.be\/wp-content\/uploads\/2019\/07\/Walter-Knoll-The-Farns-1.jpg\" alt=\"\" \/><a href=\"https:\/\/www.alternativ.be\/en\/brands\/walter-knoll-en\/\" target=\"_self\" aria-label=\"Walter Knoll\" rel=\"noopener noreferrer\"><\/a>\t\t\t\n\t\t\t\t<h2>Walter Knoll<\/h2>\t\t\t\n\t\t\t<img src=\"https:\/\/www.alternativ.be\/wp-content\/uploads\/2019\/05\/La-Palma-Add-Soft-7.jpg\" alt=\"\" \/><a href=\"https:\/\/www.alternativ.be\/en\/brands\/lapalma-en\/\" target=\"_blank\" aria-label=\"Lapalma\" rel=\"noopener noreferrer\"><\/a>\t\t\t\n\t\t\t\t<h2>Lapalma<\/h2>\t\t\t\n\t\t\t<img src=\"https:\/\/www.alternativ.be\/wp-content\/uploads\/2019\/05\/Tom-Dixon-Fan-45.jpg\" alt=\"\" \/><a href=\"https:\/\/www.alternativ.be\/en\/brands\/tom-dixon-en\/\" target=\"_self\" aria-label=\"Tom Dixon\" rel=\"noopener noreferrer\"><\/a>\t\t\t\n\t\t\t\t<h2>Tom Dixon<\/h2>\t\t\t\n\t\t\t<img src=\"https:\/\/www.alternativ.be\/wp-content\/uploads\/2019\/05\/Arper-Cila-45.jpg\" alt=\"\" \/><a href=\"https:\/\/www.alternativ.be\/en\/brands\/arper-en\/\" target=\"_blank\" aria-label=\"Arper\" rel=\"noopener noreferrer\"><\/a>\t\t\t\n\t\t\t\t<h2>Arper<\/h2>\t\t\t\n\t\t<h2>Contact us<\/h2>\t\t\t\n\t\t\t<h2>\n\t\t\t\tBrussels\n\t\t\t<\/h2>\n\t\t\t<h4>\n\t\t\t\tTania Van den Brande\n\t\t\t<\/h4>\n\t\t<p>\u00a0<a href=\"mailto:tania@alternativ.be\">tania@alternativ.be<\/a><a href=\"tel:00 32 26271855\">T. 00 32 26 27 18 55<\/a>Rue de l&#8217;\u00e9t\u00e9 15<br \/>1050 Ixelles<\/p>\t\n\t\t\t<h2>\n\t\t\t\tAntwerp\n\t\t\t<\/h2>\n\t\t\t<h4>\n\t\t\t\tAlexis D\u2019Archambeau\n\t\t\t<\/h4>\n\t\t<p>\u00a0<a href=\"mailto:alexis@alternativ.be\">alexis@alternativ.be<\/a><a href=\"tel:00 32 32847515\">T. 00 32 32 84 75 15<\/a>Greenhouse Uitbreidingstraat 66<br \/>2600 Antwerpen<\/p>\t\n","protected":false},"excerpt":{"rendered":"<p>Looking for a STEELCASE supplier in Belgium? Desk, height adjustable bench, office chair, lounge system, meeting table, sofa,&#8230; We will meet all your needs! Alternativ Workspace Solutions is the official Belgian partner of Steelcase. And we are very proud to have been named Steelcase Platinum Partner 2019, the award of excellence for Steelcase dealers. \u00a0 \u2026<\/p>\n","protected":false},"author":3,"featured_media":0,"parent":23978,"menu_order":243,"comment_status":"closed","ping_status":"closed","template":"template-beaverbuilder.php","meta":[],"acf":[],"yoast_head":"<!-- This site is optimized with the Yoast SEO Premium plugin v18.0 (Yoast SEO v18.1) - https:\/\/yoast.com\/wordpress\/plugins\/seo\/ -->\n<title>Supplier Steelcase - Alternativ<\/title>\n<meta name=\"robots\" content=\"index, follow, max-snippet:-1, max-image-preview:large, max-video-preview:-1\" \/>\n<link rel=\"canonical\" href=\"https:\/\/www.alternativ.be\/en\/seo\/supplier-steelcase\/\" \/>\n<meta property=\"og:locale\" content=\"en_US\" \/>\n<meta property=\"og:type\" content=\"article\" \/>\n<meta property=\"og:title\" content=\"Supplier Steelcase\" \/>\n<meta property=\"og:description\" content=\"Looking for a STEELCASE supplier in Belgium? Desk, height adjustable bench, office chair, lounge system, meeting table, sofa,&#8230; We will meet all your needs! Alternativ Workspace Solutions is the official Belgian partner of Steelcase. And we are very proud to have been named Steelcase Platinum Partner 2019, the award of excellence for Steelcase dealers. \u00a0 \u2026\" \/>\n<meta property=\"og:url\" content=\"https:\/\/www.alternativ.be\/en\/seo\/supplier-steelcase\/\" \/>\n<meta property=\"og:site_name\" content=\"Alternativ\" \/>\n<meta property=\"article:publisher\" content=\"https:\/\/www.facebook.com\/alternativ.be\/\" \/>\n<meta property=\"article:modified_time\" content=\"2020-01-28T15:23:34+00:00\" \/>\n<meta property=\"og:image\" content=\"https:\/\/www.alternativ.be\/wp-content\/uploads\/bb-plugin\/cache\/Alternativ-Steelcase-FrameOne-22-square.png\" \/>\n<meta name=\"twitter:card\" content=\"summary_large_image\" \/>\n<meta name=\"twitter:site\" content=\"@ALTERNATIV1050\" \/>\n<meta name=\"twitter:label1\" content=\"Est. reading time\" \/>\n\t<meta name=\"twitter:data1\" content=\"1 minute\" \/>\n<script type=\"application\/ld+json\" class=\"yoast-schema-graph\">{\"@context\":\"https:\/\/schema.org\",\"@graph\":[{\"@type\":\"Organization\",\"@id\":\"https:\/\/www.alternativ.be\/#organization\",\"name\":\"Alternativ\",\"url\":\"https:\/\/www.alternativ.be\/\",\"sameAs\":[\"https:\/\/www.facebook.com\/alternativ.be\/\",\"https:\/\/www.instagram.com\/alternativ.be\/\",\"https:\/\/www.linkedin.com\/company\/alternativ-furniture-solutions\/\",\"https:\/\/www.pinterest.fr\/alternativbxl\/\",\"https:\/\/twitter.com\/ALTERNATIV1050\"],\"logo\":{\"@type\":\"ImageObject\",\"@id\":\"https:\/\/www.alternativ.be\/#logo\",\"inLanguage\":\"en-US\",\"url\":\"https:\/\/www.alternativ.be\/wp-content\/uploads\/2019\/05\/alternativ-logo-red.png\",\"contentUrl\":\"https:\/\/www.alternativ.be\/wp-content\/uploads\/2019\/05\/alternativ-logo-red.png\",\"width\":\"246\",\"height\":\"36\",\"caption\":\"Alternativ\"},\"image\":{\"@id\":\"https:\/\/www.alternativ.be\/#logo\"}},{\"@type\":\"WebSite\",\"@id\":\"https:\/\/www.alternativ.be\/#website\",\"url\":\"https:\/\/www.alternativ.be\/\",\"name\":\"Alternativ\",\"description\":\"Am\u00e9nagement et r\u00e9novation de bureau professionnel\",\"publisher\":{\"@id\":\"https:\/\/www.alternativ.be\/#organization\"},\"potentialAction\":[{\"@type\":\"SearchAction\",\"target\":{\"@type\":\"EntryPoint\",\"urlTemplate\":\"https:\/\/www.alternativ.be\/?s={search_term_string}\"},\"query-input\":\"required name=search_term_string\"}],\"inLanguage\":\"en-US\"},{\"@type\":\"ImageObject\",\"@id\":\"https:\/\/www.alternativ.be\/en\/seo\/supplier-steelcase\/#primaryimage\",\"inLanguage\":\"en-US\",\"url\":\"https:\/\/www.alternativ.be\/wp-content\/uploads\/bb-plugin\/cache\/Alternativ-Steelcase-FrameOne-22-square.png\",\"contentUrl\":\"https:\/\/www.alternativ.be\/wp-content\/uploads\/bb-plugin\/cache\/Alternativ-Steelcase-FrameOne-22-square.png\"},{\"@type\":\"WebPage\",\"@id\":\"https:\/\/www.alternativ.be\/en\/seo\/supplier-steelcase\/#webpage\",\"url\":\"https:\/\/www.alternativ.be\/en\/seo\/supplier-steelcase\/\",\"name\":\"Supplier Steelcase - Alternativ\",\"isPartOf\":{\"@id\":\"https:\/\/www.alternativ.be\/#website\"},\"primaryImageOfPage\":{\"@id\":\"https:\/\/www.alternativ.be\/en\/seo\/supplier-steelcase\/#primaryimage\"},\"datePublished\":\"2019-10-07T11:17:54+00:00\",\"dateModified\":\"2020-01-28T15:23:34+00:00\",\"breadcrumb\":{\"@id\":\"https:\/\/www.alternativ.be\/en\/seo\/supplier-steelcase\/#breadcrumb\"},\"inLanguage\":\"en-US\",\"potentialAction\":[{\"@type\":\"ReadAction\",\"target\":[\"https:\/\/www.alternativ.be\/en\/seo\/supplier-steelcase\/\"]}]},{\"@type\":\"BreadcrumbList\",\"@id\":\"https:\/\/www.alternativ.be\/en\/seo\/supplier-steelcase\/#breadcrumb\",\"itemListElement\":[{\"@type\":\"ListItem\",\"position\":1,\"name\":\"Home\",\"item\":\"https:\/\/www.alternativ.be\/en\/\"},{\"@type\":\"ListItem\",\"position\":2,\"name\":\"SEO\",\"item\":\"https:\/\/www.alternativ.be\/en\/seo\/\"},{\"@type\":\"ListItem\",\"position\":3,\"name\":\"Supplier Steelcase\"}]}]}<\/script>\n<!-- \/ Yoast SEO Premium plugin. -->","yoast_head_json":{"title":"Supplier Steelcase - Alternativ","robots":{"index":"index","follow":"follow","max-snippet":"max-snippet:-1","max-image-preview":"max-image-preview:large","max-video-preview":"max-video-preview:-1"},"canonical":"https:\/\/www.alternativ.be\/en\/seo\/supplier-steelcase\/","og_locale":"en_US","og_type":"article","og_title":"Supplier Steelcase","og_description":"Looking for a STEELCASE supplier in Belgium? Desk, height adjustable bench, office chair, lounge system, meeting table, sofa,&#8230; We will meet all your needs! Alternativ Workspace Solutions is the official Belgian partner of Steelcase. And we are very proud to have been named Steelcase Platinum Partner 2019, the award of excellence for Steelcase dealers. \u00a0 \u2026","og_url":"https:\/\/www.alternativ.be\/en\/seo\/supplier-steelcase\/","og_site_name":"Alternativ","article_publisher":"https:\/\/www.facebook.com\/alternativ.be\/","article_modified_time":"2020-01-28T15:23:34+00:00","og_image":[{"url":"https:\/\/www.alternativ.be\/wp-content\/uploads\/bb-plugin\/cache\/Alternativ-Steelcase-FrameOne-22-square.png"}],"twitter_card":"summary_large_image","twitter_site":"@ALTERNATIV1050","twitter_misc":{"Est. reading time":"1 minute"},"schema":{"@context":"https:\/\/schema.org","@graph":[{"@type":"Organization","@id":"https:\/\/www.alternativ.be\/#organization","name":"Alternativ","url":"https:\/\/www.alternativ.be\/","sameAs":["https:\/\/www.facebook.com\/alternativ.be\/","https:\/\/www.instagram.com\/alternativ.be\/","https:\/\/www.linkedin.com\/company\/alternativ-furniture-solutions\/","https:\/\/www.pinterest.fr\/alternativbxl\/","https:\/\/twitter.com\/ALTERNATIV1050"],"logo":{"@type":"ImageObject","@id":"https:\/\/www.alternativ.be\/#logo","inLanguage":"en-US","url":"https:\/\/www.alternativ.be\/wp-content\/uploads\/2019\/05\/alternativ-logo-red.png","contentUrl":"https:\/\/www.alternativ.be\/wp-content\/uploads\/2019\/05\/alternativ-logo-red.png","width":"246","height":"36","caption":"Alternativ"},"image":{"@id":"https:\/\/www.alternativ.be\/#logo"}},{"@type":"WebSite","@id":"https:\/\/www.alternativ.be\/#website","url":"https:\/\/www.alternativ.be\/","name":"Alternativ","description":"Am\u00e9nagement et r\u00e9novation de bureau professionnel","publisher":{"@id":"https:\/\/www.alternativ.be\/#organization"},"potentialAction":[{"@type":"SearchAction","target":{"@type":"EntryPoint","urlTemplate":"https:\/\/www.alternativ.be\/?s={search_term_string}"},"query-input":"required name=search_term_string"}],"inLanguage":"en-US"},{"@type":"ImageObject","@id":"https:\/\/www.alternativ.be\/en\/seo\/supplier-steelcase\/#primaryimage","inLanguage":"en-US","url":"https:\/\/www.alternativ.be\/wp-content\/uploads\/bb-plugin\/cache\/Alternativ-Steelcase-FrameOne-22-square.png","contentUrl":"https:\/\/www.alternativ.be\/wp-content\/uploads\/bb-plugin\/cache\/Alternativ-Steelcase-FrameOne-22-square.png"},{"@type":"WebPage","@id":"https:\/\/www.alternativ.be\/en\/seo\/supplier-steelcase\/#webpage","url":"https:\/\/www.alternativ.be\/en\/seo\/supplier-steelcase\/","name":"Supplier Steelcase - Alternativ","isPartOf":{"@id":"https:\/\/www.alternativ.be\/#website"},"primaryImageOfPage":{"@id":"https:\/\/www.alternativ.be\/en\/seo\/supplier-steelcase\/#primaryimage"},"datePublished":"2019-10-07T11:17:54+00:00","dateModified":"2020-01-28T15:23:34+00:00","breadcrumb":{"@id":"https:\/\/www.alternativ.be\/en\/seo\/supplier-steelcase\/#breadcrumb"},"inLanguage":"en-US","potentialAction":[{"@type":"ReadAction","target":["https:\/\/www.alternativ.be\/en\/seo\/supplier-steelcase\/"]}]},{"@type":"BreadcrumbList","@id":"https:\/\/www.alternativ.be\/en\/seo\/supplier-steelcase\/#breadcrumb","itemListElement":[{"@type":"ListItem","position":1,"name":"Home","item":"https:\/\/www.alternativ.be\/en\/"},{"@type":"ListItem","position":2,"name":"SEO","item":"https:\/\/www.alternativ.be\/en\/seo\/"},{"@type":"ListItem","position":3,"name":"Supplier Steelcase"}]}]}},"_links":{"self":[{"href":"https:\/\/www.alternativ.be\/en\/wp-json\/wp\/v2\/pages\/23983"}],"collection":[{"href":"https:\/\/www.alternativ.be\/en\/wp-json\/wp\/v2\/pages"}],"about":[{"href":"https:\/\/www.alternativ.be\/en\/wp-json\/wp\/v2\/types\/page"}],"author":[{"embeddable":true,"href":"https:\/\/www.alternativ.be\/en\/wp-json\/wp\/v2\/users\/3"}],"replies":[{"embeddable":true,"href":"https:\/\/www.alternativ.be\/en\/wp-json\/wp\/v2\/comments?post=23983"}],"version-history":[{"count":5,"href":"https:\/\/www.alternativ.be\/en\/wp-json\/wp\/v2\/pages\/23983\/revisions"}],"predecessor-version":[{"id":27260,"href":"https:\/\/www.alternativ.be\/en\/wp-json\/wp\/v2\/pages\/23983\/revisions\/27260"}],"up":[{"embeddable":true,"href":"https:\/\/www.alternativ.be\/en\/wp-json\/wp\/v2\/pages\/23978"}],"wp:attachment":[{"href":"https:\/\/www.alternativ.be\/en\/wp-json\/wp\/v2\/media?parent=23983"}],"curies":[{"name":"wp","href":"https:\/\/api.w.org\/{rel}","templated":true}]}}