{"id":13519,"date":"2019-03-27T14:42:43","date_gmt":"2019-03-27T14:42:43","guid":{"rendered":"https:\/\/www.alternativ.be\/services\/mobilier-de-bureau\/"},"modified":"2019-07-09T13:24:37","modified_gmt":"2019-07-09T13:24:37","slug":"office-furniture_","status":"publish","type":"page","link":"https:\/\/www.alternativ.be\/en\/services\/office-furniture_\/","title":{"rendered":"Office furniture"},"content":{"rendered":"<p>What\u2019s the best way to relieve the tension in your back after a full day sitting down in the office?<\/p>\n<p>Physiotherapists and ergonomics experts will tell you to keep varying your posture throughout the day. Inside a workspace, this boils down mainly to installing chairs and other seating arrangements that are ergonomic and even intuitive, responding to the movements of your body.<\/p>\n<p>It also means having desks where you can work sitting down or standing up, providing couches that encourage working with others \u2013 and so on. Alternativ keeps up to date with all of the technological advances made in the world of office furniture.<\/p>\n<h3><strong>Furnishings that reflect your company image<\/strong><\/h3>\n<p>We all like to feel good at home; so why not extend this principle to the office?<\/p>\n<p>Let\u2019s analyse the modern world of work: workspaces can now be chosen <em>\u00e0 la<\/em> <em>carte<\/em> and new generations of workers are more sensitive to design features than previously. Top-quality, modular office furniture with inspired designs is the aesthetic signature of your business.<\/p>\n<p>Which is why Alternativ works with a whole range of leading office furniture brands and is proud to be the official distributor for Steelcase, world leader in office furniture solutions.<\/p>\n<h3><strong>Let\u2019s talk budget\u2026<\/strong><\/h3>\n<p>Are you looking for desks, office seating, executive chairs, cupboards and cabinets, furniture for meeting rooms and communal areas, reception desks?<\/p>\n<p>Whatever your needs, you can always rely on the Alternativ project manager to understand your requirements and develop and\/or respect your specifications (for your image, needs, budget and deadlines). You can also expect him\/her to coordinate, step by step, exactly how your new furnishings will fit into an inspiring work environment.<\/p>\n","protected":false},"excerpt":{"rendered":"<p>What\u2019s the best way to relieve the tension in your back after a full day sitting down in the office? Physiotherapists and ergonomics experts will tell you to keep varying your posture throughout the day. Inside a workspace, this boils down mainly to installing chairs and other seating arrangements that are ergonomic and even intuitive, \u2026<\/p>\n","protected":false},"author":7,"featured_media":33339,"parent":13515,"menu_order":53,"comment_status":"closed","ping_status":"closed","template":"template-service.php","meta":[],"acf":[],"yoast_head":"<!-- This site is optimized with the Yoast SEO Premium plugin v18.0 (Yoast SEO v18.1) - https:\/\/yoast.com\/wordpress\/plugins\/seo\/ -->\n<title>Office furniture - Alternativ mobilier de bureau pour soci\u00e9t\u00e9s<\/title>\n<meta name=\"description\" content=\"Vous \u00eates \u00e0 la recherche de bureaux, chaises, si\u00e8ges de bureau, armoires, salle de r\u00e9union, collectivit\u00e9, comptoir d\u2019accueil? Contactez Alternativ !\" \/>\n<meta name=\"robots\" content=\"index, follow, max-snippet:-1, max-image-preview:large, max-video-preview:-1\" \/>\n<link rel=\"canonical\" href=\"https:\/\/www.alternativ.be\/en\/services\/office-furniture_\/\" \/>\n<meta property=\"og:locale\" content=\"en_US\" \/>\n<meta property=\"og:type\" content=\"article\" \/>\n<meta property=\"og:title\" content=\"Office furniture\" \/>\n<meta property=\"og:description\" content=\"Vous \u00eates \u00e0 la recherche de bureaux, chaises, si\u00e8ges de bureau, armoires, salle de r\u00e9union, collectivit\u00e9, comptoir d\u2019accueil? Contactez Alternativ !\" \/>\n<meta property=\"og:url\" content=\"https:\/\/www.alternativ.be\/en\/services\/office-furniture_\/\" \/>\n<meta property=\"og:site_name\" content=\"Alternativ\" \/>\n<meta property=\"article:publisher\" content=\"https:\/\/www.facebook.com\/alternativ.be\/\" \/>\n<meta property=\"article:modified_time\" content=\"2019-07-09T13:24:37+00:00\" \/>\n<meta property=\"og:image\" content=\"https:\/\/www.alternativ.be\/wp-content\/uploads\/2019\/05\/190429_AlternativInfrabel6etage_BenjaminBrolet_0033.jpg\" \/>\n\t<meta property=\"og:image:width\" content=\"2048\" \/>\n\t<meta property=\"og:image:height\" content=\"1365\" \/>\n\t<meta property=\"og:image:type\" content=\"image\/jpeg\" \/>\n<meta name=\"twitter:card\" content=\"summary_large_image\" \/>\n<meta name=\"twitter:site\" content=\"@ALTERNATIV1050\" \/>\n<meta name=\"twitter:label1\" content=\"Est. reading time\" \/>\n\t<meta name=\"twitter:data1\" content=\"1 minute\" \/>\n<script type=\"application\/ld+json\" class=\"yoast-schema-graph\">{\"@context\":\"https:\/\/schema.org\",\"@graph\":[{\"@type\":\"Organization\",\"@id\":\"https:\/\/www.alternativ.be\/#organization\",\"name\":\"Alternativ\",\"url\":\"https:\/\/www.alternativ.be\/\",\"sameAs\":[\"https:\/\/www.facebook.com\/alternativ.be\/\",\"https:\/\/www.instagram.com\/alternativ.be\/\",\"https:\/\/www.linkedin.com\/company\/alternativ-furniture-solutions\/\",\"https:\/\/www.pinterest.fr\/alternativbxl\/\",\"https:\/\/twitter.com\/ALTERNATIV1050\"],\"logo\":{\"@type\":\"ImageObject\",\"@id\":\"https:\/\/www.alternativ.be\/#logo\",\"inLanguage\":\"en-US\",\"url\":\"https:\/\/www.alternativ.be\/wp-content\/uploads\/2019\/05\/alternativ-logo-red.png\",\"contentUrl\":\"https:\/\/www.alternativ.be\/wp-content\/uploads\/2019\/05\/alternativ-logo-red.png\",\"width\":\"246\",\"height\":\"36\",\"caption\":\"Alternativ\"},\"image\":{\"@id\":\"https:\/\/www.alternativ.be\/#logo\"}},{\"@type\":\"WebSite\",\"@id\":\"https:\/\/www.alternativ.be\/#website\",\"url\":\"https:\/\/www.alternativ.be\/\",\"name\":\"Alternativ\",\"description\":\"Am\u00e9nagement et r\u00e9novation de bureau professionnel\",\"publisher\":{\"@id\":\"https:\/\/www.alternativ.be\/#organization\"},\"potentialAction\":[{\"@type\":\"SearchAction\",\"target\":{\"@type\":\"EntryPoint\",\"urlTemplate\":\"https:\/\/www.alternativ.be\/?s={search_term_string}\"},\"query-input\":\"required name=search_term_string\"}],\"inLanguage\":\"en-US\"},{\"@type\":\"ImageObject\",\"@id\":\"https:\/\/www.alternativ.be\/en\/services\/office-furniture_\/#primaryimage\",\"inLanguage\":\"en-US\",\"url\":\"https:\/\/www.alternativ.be\/wp-content\/uploads\/2022\/07\/SONY-35-scaled.jpg\",\"contentUrl\":\"https:\/\/www.alternativ.be\/wp-content\/uploads\/2022\/07\/SONY-35-scaled.jpg\",\"width\":2560,\"height\":1707},{\"@type\":\"WebPage\",\"@id\":\"https:\/\/www.alternativ.be\/en\/services\/office-furniture_\/#webpage\",\"url\":\"https:\/\/www.alternativ.be\/en\/services\/office-furniture_\/\",\"name\":\"Office furniture - Alternativ mobilier de bureau pour soci\u00e9t\u00e9s\",\"isPartOf\":{\"@id\":\"https:\/\/www.alternativ.be\/#website\"},\"primaryImageOfPage\":{\"@id\":\"https:\/\/www.alternativ.be\/en\/services\/office-furniture_\/#primaryimage\"},\"datePublished\":\"2019-03-27T14:42:43+00:00\",\"dateModified\":\"2019-07-09T13:24:37+00:00\",\"description\":\"Vous \u00eates \u00e0 la recherche de bureaux, chaises, si\u00e8ges de bureau, armoires, salle de r\u00e9union, collectivit\u00e9, comptoir d\u2019accueil? Contactez Alternativ !\",\"breadcrumb\":{\"@id\":\"https:\/\/www.alternativ.be\/en\/services\/office-furniture_\/#breadcrumb\"},\"inLanguage\":\"en-US\",\"potentialAction\":[{\"@type\":\"ReadAction\",\"target\":[\"https:\/\/www.alternativ.be\/en\/services\/office-furniture_\/\"]}]},{\"@type\":\"BreadcrumbList\",\"@id\":\"https:\/\/www.alternativ.be\/en\/services\/office-furniture_\/#breadcrumb\",\"itemListElement\":[{\"@type\":\"ListItem\",\"position\":1,\"name\":\"Home\",\"item\":\"https:\/\/www.alternativ.be\/en\/\"},{\"@type\":\"ListItem\",\"position\":2,\"name\":\"Services_\",\"item\":\"https:\/\/www.alternativ.be\/en\/services\/\"},{\"@type\":\"ListItem\",\"position\":3,\"name\":\"Office furniture\"}]}]}<\/script>\n<!-- \/ Yoast SEO Premium plugin. -->","yoast_head_json":{"title":"Office furniture - Alternativ mobilier de bureau pour soci\u00e9t\u00e9s","description":"Vous \u00eates \u00e0 la recherche de bureaux, chaises, si\u00e8ges de bureau, armoires, salle de r\u00e9union, collectivit\u00e9, comptoir d\u2019accueil? Contactez Alternativ !","robots":{"index":"index","follow":"follow","max-snippet":"max-snippet:-1","max-image-preview":"max-image-preview:large","max-video-preview":"max-video-preview:-1"},"canonical":"https:\/\/www.alternativ.be\/en\/services\/office-furniture_\/","og_locale":"en_US","og_type":"article","og_title":"Office furniture","og_description":"Vous \u00eates \u00e0 la recherche de bureaux, chaises, si\u00e8ges de bureau, armoires, salle de r\u00e9union, collectivit\u00e9, comptoir d\u2019accueil? Contactez Alternativ !","og_url":"https:\/\/www.alternativ.be\/en\/services\/office-furniture_\/","og_site_name":"Alternativ","article_publisher":"https:\/\/www.facebook.com\/alternativ.be\/","article_modified_time":"2019-07-09T13:24:37+00:00","og_image":[{"width":"2048","height":"1365","url":"https:\/\/www.alternativ.be\/wp-content\/uploads\/2019\/05\/190429_AlternativInfrabel6etage_BenjaminBrolet_0033.jpg","type":"image\/jpeg"}],"twitter_card":"summary_large_image","twitter_site":"@ALTERNATIV1050","twitter_misc":{"Est. reading time":"1 minute"},"schema":{"@context":"https:\/\/schema.org","@graph":[{"@type":"Organization","@id":"https:\/\/www.alternativ.be\/#organization","name":"Alternativ","url":"https:\/\/www.alternativ.be\/","sameAs":["https:\/\/www.facebook.com\/alternativ.be\/","https:\/\/www.instagram.com\/alternativ.be\/","https:\/\/www.linkedin.com\/company\/alternativ-furniture-solutions\/","https:\/\/www.pinterest.fr\/alternativbxl\/","https:\/\/twitter.com\/ALTERNATIV1050"],"logo":{"@type":"ImageObject","@id":"https:\/\/www.alternativ.be\/#logo","inLanguage":"en-US","url":"https:\/\/www.alternativ.be\/wp-content\/uploads\/2019\/05\/alternativ-logo-red.png","contentUrl":"https:\/\/www.alternativ.be\/wp-content\/uploads\/2019\/05\/alternativ-logo-red.png","width":"246","height":"36","caption":"Alternativ"},"image":{"@id":"https:\/\/www.alternativ.be\/#logo"}},{"@type":"WebSite","@id":"https:\/\/www.alternativ.be\/#website","url":"https:\/\/www.alternativ.be\/","name":"Alternativ","description":"Am\u00e9nagement et r\u00e9novation de bureau professionnel","publisher":{"@id":"https:\/\/www.alternativ.be\/#organization"},"potentialAction":[{"@type":"SearchAction","target":{"@type":"EntryPoint","urlTemplate":"https:\/\/www.alternativ.be\/?s={search_term_string}"},"query-input":"required name=search_term_string"}],"inLanguage":"en-US"},{"@type":"ImageObject","@id":"https:\/\/www.alternativ.be\/en\/services\/office-furniture_\/#primaryimage","inLanguage":"en-US","url":"https:\/\/www.alternativ.be\/wp-content\/uploads\/2022\/07\/SONY-35-scaled.jpg","contentUrl":"https:\/\/www.alternativ.be\/wp-content\/uploads\/2022\/07\/SONY-35-scaled.jpg","width":2560,"height":1707},{"@type":"WebPage","@id":"https:\/\/www.alternativ.be\/en\/services\/office-furniture_\/#webpage","url":"https:\/\/www.alternativ.be\/en\/services\/office-furniture_\/","name":"Office furniture - Alternativ mobilier de bureau pour soci\u00e9t\u00e9s","isPartOf":{"@id":"https:\/\/www.alternativ.be\/#website"},"primaryImageOfPage":{"@id":"https:\/\/www.alternativ.be\/en\/services\/office-furniture_\/#primaryimage"},"datePublished":"2019-03-27T14:42:43+00:00","dateModified":"2019-07-09T13:24:37+00:00","description":"Vous \u00eates \u00e0 la recherche de bureaux, chaises, si\u00e8ges de bureau, armoires, salle de r\u00e9union, collectivit\u00e9, comptoir d\u2019accueil? Contactez Alternativ !","breadcrumb":{"@id":"https:\/\/www.alternativ.be\/en\/services\/office-furniture_\/#breadcrumb"},"inLanguage":"en-US","potentialAction":[{"@type":"ReadAction","target":["https:\/\/www.alternativ.be\/en\/services\/office-furniture_\/"]}]},{"@type":"BreadcrumbList","@id":"https:\/\/www.alternativ.be\/en\/services\/office-furniture_\/#breadcrumb","itemListElement":[{"@type":"ListItem","position":1,"name":"Home","item":"https:\/\/www.alternativ.be\/en\/"},{"@type":"ListItem","position":2,"name":"Services_","item":"https:\/\/www.alternativ.be\/en\/services\/"},{"@type":"ListItem","position":3,"name":"Office furniture"}]}]}},"_links":{"self":[{"href":"https:\/\/www.alternativ.be\/en\/wp-json\/wp\/v2\/pages\/13519"}],"collection":[{"href":"https:\/\/www.alternativ.be\/en\/wp-json\/wp\/v2\/pages"}],"about":[{"href":"https:\/\/www.alternativ.be\/en\/wp-json\/wp\/v2\/types\/page"}],"author":[{"embeddable":true,"href":"https:\/\/www.alternativ.be\/en\/wp-json\/wp\/v2\/users\/7"}],"replies":[{"embeddable":true,"href":"https:\/\/www.alternativ.be\/en\/wp-json\/wp\/v2\/comments?post=13519"}],"version-history":[{"count":8,"href":"https:\/\/www.alternativ.be\/en\/wp-json\/wp\/v2\/pages\/13519\/revisions"}],"predecessor-version":[{"id":17291,"href":"https:\/\/www.alternativ.be\/en\/wp-json\/wp\/v2\/pages\/13519\/revisions\/17291"}],"up":[{"embeddable":true,"href":"https:\/\/www.alternativ.be\/en\/wp-json\/wp\/v2\/pages\/13515"}],"wp:featuredmedia":[{"embeddable":true,"href":"https:\/\/www.alternativ.be\/en\/wp-json\/wp\/v2\/media\/33339"}],"wp:attachment":[{"href":"https:\/\/www.alternativ.be\/en\/wp-json\/wp\/v2\/media?parent=13519"}],"curies":[{"name":"wp","href":"https:\/\/api.w.org\/{rel}","templated":true}]}}