{"id":13514,"date":"2019-04-02T11:01:38","date_gmt":"2019-04-02T11:01:38","guid":{"rendered":"https:\/\/www.alternativ.be\/realisations-projets-amenagements-bureaux\/"},"modified":"2022-07-14T17:12:43","modified_gmt":"2022-07-14T15:12:43","slug":"realisations","status":"publish","type":"page","link":"https:\/\/www.alternativ.be\/en\/realisations\/","title":{"rendered":"Realisations_"},"content":{"rendered":"<h2>Alternativ&#8217;s latest realisations_<\/h2>\n<p>Alternativ, through its 25 years of experience in the workspace design market, has carried out many projects.<\/p>\n<p>We invite you to discover the latest realisations of our team.<\/p>\n","protected":false},"excerpt":{"rendered":"<p>Alternativ&#8217;s latest realisations_ Alternativ, through its 25 years of experience in the workspace design market, has carried out many projects. We invite you to discover the latest realisations of our team.<\/p>\n","protected":false},"author":7,"featured_media":33324,"parent":0,"menu_order":106,"comment_status":"closed","ping_status":"closed","template":"template-realisations.php","meta":[],"acf":[],"yoast_head":"<!-- This site is optimized with the Yoast SEO Premium plugin v18.0 (Yoast SEO v18.1) - https:\/\/yoast.com\/wordpress\/plugins\/seo\/ -->\n<title>Realisations_ - projets am\u00e9nagements bureaux Alternativ<\/title>\n<meta name=\"description\" content=\"D\u00e9couvrez ici nos derni\u00e8res r\u00e9alisations d&#039;espaces de travail en mati\u00e8re d&#039;am\u00e9nagement de bureaux Design &amp; build, mobilier, cloisons etc\" \/>\n<meta name=\"robots\" content=\"index, follow, max-snippet:-1, max-image-preview:large, max-video-preview:-1\" \/>\n<link rel=\"canonical\" href=\"https:\/\/www.alternativ.be\/en\/realisations\/\" \/>\n<meta property=\"og:locale\" content=\"en_US\" \/>\n<meta property=\"og:type\" content=\"article\" \/>\n<meta property=\"og:title\" content=\"Realisations_\" \/>\n<meta property=\"og:description\" content=\"D\u00e9couvrez ici nos derni\u00e8res r\u00e9alisations d&#039;espaces de travail en mati\u00e8re d&#039;am\u00e9nagement de bureaux Design &amp; build, mobilier, cloisons etc\" \/>\n<meta property=\"og:url\" content=\"https:\/\/www.alternativ.be\/en\/realisations\/\" \/>\n<meta property=\"og:site_name\" content=\"Alternativ\" \/>\n<meta property=\"article:publisher\" content=\"https:\/\/www.facebook.com\/alternativ.be\/\" \/>\n<meta property=\"article:modified_time\" content=\"2022-07-14T15:12:43+00:00\" \/>\n<meta property=\"og:image\" content=\"https:\/\/www.alternativ.be\/wp-content\/uploads\/2019\/04\/alternativ-infrabel-steelcase-124.jpg\" \/>\n\t<meta property=\"og:image:width\" content=\"1000\" \/>\n\t<meta property=\"og:image:height\" content=\"1500\" \/>\n\t<meta property=\"og:image:type\" content=\"image\/jpeg\" \/>\n<meta name=\"twitter:card\" content=\"summary_large_image\" \/>\n<meta name=\"twitter:site\" content=\"@ALTERNATIV1050\" \/>\n<meta name=\"twitter:label1\" content=\"Est. reading time\" \/>\n\t<meta name=\"twitter:data1\" content=\"1 minute\" \/>\n<script type=\"application\/ld+json\" class=\"yoast-schema-graph\">{\"@context\":\"https:\/\/schema.org\",\"@graph\":[{\"@type\":\"Organization\",\"@id\":\"https:\/\/www.alternativ.be\/#organization\",\"name\":\"Alternativ\",\"url\":\"https:\/\/www.alternativ.be\/\",\"sameAs\":[\"https:\/\/www.facebook.com\/alternativ.be\/\",\"https:\/\/www.instagram.com\/alternativ.be\/\",\"https:\/\/www.linkedin.com\/company\/alternativ-furniture-solutions\/\",\"https:\/\/www.pinterest.fr\/alternativbxl\/\",\"https:\/\/twitter.com\/ALTERNATIV1050\"],\"logo\":{\"@type\":\"ImageObject\",\"@id\":\"https:\/\/www.alternativ.be\/#logo\",\"inLanguage\":\"en-US\",\"url\":\"https:\/\/www.alternativ.be\/wp-content\/uploads\/2019\/05\/alternativ-logo-red.png\",\"contentUrl\":\"https:\/\/www.alternativ.be\/wp-content\/uploads\/2019\/05\/alternativ-logo-red.png\",\"width\":\"246\",\"height\":\"36\",\"caption\":\"Alternativ\"},\"image\":{\"@id\":\"https:\/\/www.alternativ.be\/#logo\"}},{\"@type\":\"WebSite\",\"@id\":\"https:\/\/www.alternativ.be\/#website\",\"url\":\"https:\/\/www.alternativ.be\/\",\"name\":\"Alternativ\",\"description\":\"Am\u00e9nagement et r\u00e9novation de bureau professionnel\",\"publisher\":{\"@id\":\"https:\/\/www.alternativ.be\/#organization\"},\"potentialAction\":[{\"@type\":\"SearchAction\",\"target\":{\"@type\":\"EntryPoint\",\"urlTemplate\":\"https:\/\/www.alternativ.be\/?s={search_term_string}\"},\"query-input\":\"required name=search_term_string\"}],\"inLanguage\":\"en-US\"},{\"@type\":\"ImageObject\",\"@id\":\"https:\/\/www.alternativ.be\/en\/realisations\/#primaryimage\",\"inLanguage\":\"en-US\",\"url\":\"https:\/\/www.alternativ.be\/wp-content\/uploads\/2022\/07\/SONY-26-1-scaled.jpg\",\"contentUrl\":\"https:\/\/www.alternativ.be\/wp-content\/uploads\/2022\/07\/SONY-26-1-scaled.jpg\",\"width\":2560,\"height\":1707},{\"@type\":\"WebPage\",\"@id\":\"https:\/\/www.alternativ.be\/en\/realisations\/#webpage\",\"url\":\"https:\/\/www.alternativ.be\/en\/realisations\/\",\"name\":\"Realisations_ - projets am\u00e9nagements bureaux Alternativ\",\"isPartOf\":{\"@id\":\"https:\/\/www.alternativ.be\/#website\"},\"primaryImageOfPage\":{\"@id\":\"https:\/\/www.alternativ.be\/en\/realisations\/#primaryimage\"},\"datePublished\":\"2019-04-02T11:01:38+00:00\",\"dateModified\":\"2022-07-14T15:12:43+00:00\",\"description\":\"D\u00e9couvrez ici nos derni\u00e8res r\u00e9alisations d'espaces de travail en mati\u00e8re d'am\u00e9nagement de bureaux Design & build, mobilier, cloisons etc\",\"breadcrumb\":{\"@id\":\"https:\/\/www.alternativ.be\/en\/realisations\/#breadcrumb\"},\"inLanguage\":\"en-US\",\"potentialAction\":[{\"@type\":\"ReadAction\",\"target\":[\"https:\/\/www.alternativ.be\/en\/realisations\/\"]}]},{\"@type\":\"BreadcrumbList\",\"@id\":\"https:\/\/www.alternativ.be\/en\/realisations\/#breadcrumb\",\"itemListElement\":[{\"@type\":\"ListItem\",\"position\":1,\"name\":\"Home\",\"item\":\"https:\/\/www.alternativ.be\/en\/\"},{\"@type\":\"ListItem\",\"position\":2,\"name\":\"Realisations_\"}]}]}<\/script>\n<!-- \/ Yoast SEO Premium plugin. -->","yoast_head_json":{"title":"Realisations_ - projets am\u00e9nagements bureaux Alternativ","description":"D\u00e9couvrez ici nos derni\u00e8res r\u00e9alisations d'espaces de travail en mati\u00e8re d'am\u00e9nagement de bureaux Design & build, mobilier, cloisons etc","robots":{"index":"index","follow":"follow","max-snippet":"max-snippet:-1","max-image-preview":"max-image-preview:large","max-video-preview":"max-video-preview:-1"},"canonical":"https:\/\/www.alternativ.be\/en\/realisations\/","og_locale":"en_US","og_type":"article","og_title":"Realisations_","og_description":"D\u00e9couvrez ici nos derni\u00e8res r\u00e9alisations d'espaces de travail en mati\u00e8re d'am\u00e9nagement de bureaux Design & build, mobilier, cloisons etc","og_url":"https:\/\/www.alternativ.be\/en\/realisations\/","og_site_name":"Alternativ","article_publisher":"https:\/\/www.facebook.com\/alternativ.be\/","article_modified_time":"2022-07-14T15:12:43+00:00","og_image":[{"width":1000,"height":1500,"url":"https:\/\/www.alternativ.be\/wp-content\/uploads\/2019\/04\/alternativ-infrabel-steelcase-124.jpg","type":"image\/jpeg"}],"twitter_card":"summary_large_image","twitter_site":"@ALTERNATIV1050","twitter_misc":{"Est. reading time":"1 minute"},"schema":{"@context":"https:\/\/schema.org","@graph":[{"@type":"Organization","@id":"https:\/\/www.alternativ.be\/#organization","name":"Alternativ","url":"https:\/\/www.alternativ.be\/","sameAs":["https:\/\/www.facebook.com\/alternativ.be\/","https:\/\/www.instagram.com\/alternativ.be\/","https:\/\/www.linkedin.com\/company\/alternativ-furniture-solutions\/","https:\/\/www.pinterest.fr\/alternativbxl\/","https:\/\/twitter.com\/ALTERNATIV1050"],"logo":{"@type":"ImageObject","@id":"https:\/\/www.alternativ.be\/#logo","inLanguage":"en-US","url":"https:\/\/www.alternativ.be\/wp-content\/uploads\/2019\/05\/alternativ-logo-red.png","contentUrl":"https:\/\/www.alternativ.be\/wp-content\/uploads\/2019\/05\/alternativ-logo-red.png","width":"246","height":"36","caption":"Alternativ"},"image":{"@id":"https:\/\/www.alternativ.be\/#logo"}},{"@type":"WebSite","@id":"https:\/\/www.alternativ.be\/#website","url":"https:\/\/www.alternativ.be\/","name":"Alternativ","description":"Am\u00e9nagement et r\u00e9novation de bureau professionnel","publisher":{"@id":"https:\/\/www.alternativ.be\/#organization"},"potentialAction":[{"@type":"SearchAction","target":{"@type":"EntryPoint","urlTemplate":"https:\/\/www.alternativ.be\/?s={search_term_string}"},"query-input":"required name=search_term_string"}],"inLanguage":"en-US"},{"@type":"ImageObject","@id":"https:\/\/www.alternativ.be\/en\/realisations\/#primaryimage","inLanguage":"en-US","url":"https:\/\/www.alternativ.be\/wp-content\/uploads\/2022\/07\/SONY-26-1-scaled.jpg","contentUrl":"https:\/\/www.alternativ.be\/wp-content\/uploads\/2022\/07\/SONY-26-1-scaled.jpg","width":2560,"height":1707},{"@type":"WebPage","@id":"https:\/\/www.alternativ.be\/en\/realisations\/#webpage","url":"https:\/\/www.alternativ.be\/en\/realisations\/","name":"Realisations_ - projets am\u00e9nagements bureaux Alternativ","isPartOf":{"@id":"https:\/\/www.alternativ.be\/#website"},"primaryImageOfPage":{"@id":"https:\/\/www.alternativ.be\/en\/realisations\/#primaryimage"},"datePublished":"2019-04-02T11:01:38+00:00","dateModified":"2022-07-14T15:12:43+00:00","description":"D\u00e9couvrez ici nos derni\u00e8res r\u00e9alisations d'espaces de travail en mati\u00e8re d'am\u00e9nagement de bureaux Design & build, mobilier, cloisons etc","breadcrumb":{"@id":"https:\/\/www.alternativ.be\/en\/realisations\/#breadcrumb"},"inLanguage":"en-US","potentialAction":[{"@type":"ReadAction","target":["https:\/\/www.alternativ.be\/en\/realisations\/"]}]},{"@type":"BreadcrumbList","@id":"https:\/\/www.alternativ.be\/en\/realisations\/#breadcrumb","itemListElement":[{"@type":"ListItem","position":1,"name":"Home","item":"https:\/\/www.alternativ.be\/en\/"},{"@type":"ListItem","position":2,"name":"Realisations_"}]}]}},"_links":{"self":[{"href":"https:\/\/www.alternativ.be\/en\/wp-json\/wp\/v2\/pages\/13514"}],"collection":[{"href":"https:\/\/www.alternativ.be\/en\/wp-json\/wp\/v2\/pages"}],"about":[{"href":"https:\/\/www.alternativ.be\/en\/wp-json\/wp\/v2\/types\/page"}],"author":[{"embeddable":true,"href":"https:\/\/www.alternativ.be\/en\/wp-json\/wp\/v2\/users\/7"}],"replies":[{"embeddable":true,"href":"https:\/\/www.alternativ.be\/en\/wp-json\/wp\/v2\/comments?post=13514"}],"version-history":[{"count":7,"href":"https:\/\/www.alternativ.be\/en\/wp-json\/wp\/v2\/pages\/13514\/revisions"}],"predecessor-version":[{"id":33449,"href":"https:\/\/www.alternativ.be\/en\/wp-json\/wp\/v2\/pages\/13514\/revisions\/33449"}],"wp:featuredmedia":[{"embeddable":true,"href":"https:\/\/www.alternativ.be\/en\/wp-json\/wp\/v2\/media\/33324"}],"wp:attachment":[{"href":"https:\/\/www.alternativ.be\/en\/wp-json\/wp\/v2\/media?parent=13514"}],"curies":[{"name":"wp","href":"https:\/\/api.w.org\/{rel}","templated":true}]}}